{"id":1401,"date":"2014-09-14T09:20:26","date_gmt":"2014-09-14T09:20:26","guid":{"rendered":"http:\/\/localhost\/final-leisure\/?page_id=19"},"modified":"2024-12-11T18:27:03","modified_gmt":"2024-12-11T17:27:03","slug":"contact","status":"publish","type":"page","link":"https:\/\/www.relais-saint-sulpice.com\/fr\/contact\/","title":{"rendered":"Contact"},"content":{"rendered":"<p><iframe loading=\"lazy\"\n\t\t\t\t\tsrc=\"https:\/\/maps.google.com\/maps?q=3%20rue%20garanci%C3%A8re%2C%2075006%2C%20Paris&#038;t=m&#038;z=15&#038;output=embed&#038;iwloc=near\"\n\t\t\t\t\ttitle=\"3 rue garanci\u00e8re, 75006, Paris\"\n\t\t\t\t\taria-label=\"3 rue garanci\u00e8re, 75006, Paris\"\n\t\t\t><\/iframe><\/p>\n[vc_row][vc_column][vc_column_text]\n<h1>Contacter les \u00e9quipes de l&rsquo;h\u00f4tel H\u00f4tel Relais Saint Sulpice<\/h1>\n<p style=\"text-align: center;\">Pour plus d&rsquo;informations\u00a0contacter nos \u00e9quipes :<\/p>\n<p style=\"text-align: left;\">&gt; <strong>Adresse\u00a0<\/strong>:\u00a03, Rue Garanci\u00e8re &#8211; 75006 Paris,\u00a0<strong>Coordonn\u00e9es GPS<\/strong>\u00a0:\u00a0<strong>Latitude :<\/strong> 48.8510138 | <strong>Longitude :<\/strong> 2.335903700000017<\/p>\n<p style=\"text-align: left;\">&gt; Par <strong>t\u00e9l\u00e9phone<\/strong> au : +33(0)1 46 33 99 00<\/p>\n<p style=\"text-align: left;\">&gt; Par <strong>mail<\/strong> \u00e0 l&rsquo;adresse suivante : <a href=\"mailto:sulpice@designhotelst.com\">sulpice@designhotelst.com<\/a><\/p>\n<p style=\"text-align: left;\">&gt; Par le <strong>formulaire<\/strong> ci-dessous :<\/p>\n[\/vc_column_text]<noscript class=\"ninja-forms-noscript-message\">\n\tRemarque\u00a0: JavaScript est requis pour ce contenu.<\/noscript>\n<div id=\"nf-form-1-cont\" class=\"nf-form-cont\" aria-live=\"polite\" aria-labelledby=\"nf-form-title-1\" aria-describedby=\"nf-form-errors-1\" role=\"form\">\n\n    <div class=\"nf-loading-spinner\"><\/div>\n\n<\/div>\n        <!-- That data is being printed as a workaround to page builders reordering the order of the scripts loaded-->\n        <script>var formDisplay=1;var nfForms=nfForms||[];var form=[];form.id='1';form.settings={\"objectType\":\"Form Setting\",\"editActive\":false,\"date_updated\":\"2018-05-29 10:04:45\",\"show_title\":\"1\",\"save_subs\":\"1\",\"logged_in\":\"0\",\"append_page\":\"\",\"ajax\":\"0\",\"clear_complete\":\"1\",\"hide_complete\":\"1\",\"success_msg\":\"Your form has been successfully submitted.\",\"email_from\":\"\",\"email_type\":\"html\",\"user_email_msg\":\"Thank you so much for contacting us. We will get back to you shortly.\",\"user_email_fields\":\"0\",\"admin_email_msg\":\"\",\"admin_email_fields\":\"1\",\"admin_attach_csv\":\"0\",\"email_from_name\":\"\",\"status\":\"\",\"sub_limit_msg\":\"\",\"sub_limit_number\":\"\",\"not_logged_in_msg\":\"\",\"last_sub\":\"145\",\"title\":\"Contactez-nous pour organisez votre s\\u00e9jour\",\"allow_public_link\":0,\"embed_form\":\"\",\"default_label_pos\":\"above\",\"wrapper_class\":\"\",\"element_class\":\"\",\"form_title_heading_level\":\"3\",\"key\":\"\",\"add_submit\":1,\"currency\":\"\",\"unique_field_error\":\"Un formulaire avec cette valeur a d\\u00e9j\\u00e0 \\u00e9t\\u00e9 envoy\\u00e9.\",\"calculations\":[],\"formContentData\":[\"textbox_1\",\"email_2\",\"textarea_3\",\"checkbox_90\",\"appels_commerciaux_1735229845046\",\"recaptcha_82\",\"submit_4\"],\"ninjaForms\":\"Ninja Forms\",\"changeEmailErrorMsg\":\"Veuillez saisir une adresse de messagerie valide. Ex\\u00a0: jean.dupont@gmail.com\",\"changeDateErrorMsg\":\"Veuillez saisir une date valide\\u00a0!\",\"confirmFieldErrorMsg\":\"Ces champs doivent correspondre\\u00a0!\",\"fieldNumberNumMinError\":\"Erreur de nombre min.\",\"fieldNumberNumMaxError\":\"Erreur de nombre max.\",\"fieldNumberIncrementBy\":\"Veuillez incr\\u00e9menter par \",\"fieldTextareaRTEInsertLink\":\"Ins\\u00e9rer un lien\",\"fieldTextareaRTEInsertMedia\":\"Ins\\u00e9rer un m\\u00e9dia\",\"fieldTextareaRTESelectAFile\":\"S\\u00e9lectionnez un fichier\",\"formErrorsCorrectErrors\":\"Veuillez corriger les erreurs avant d\\u2019envoyer ce formulaire.\",\"formHoneypot\":\"Si vous \\u00eates un \\u00eatre humain et que vous voyez ce champ, veuillez le laisser vide.\",\"validateRequiredField\":\"Ce champ est obligatoire.\",\"honeypotHoneypotError\":\"Erreur Honeypot\",\"fileUploadOldCodeFileUploadInProgress\":\"T\\u00e9l\\u00e9versement du fichier en cours.\",\"fileUploadOldCodeFileUpload\":\"T\\u00c9L\\u00c9VERSEMENT DE FICHIER\",\"currencySymbol\":\"&euro;\",\"fieldsMarkedRequired\":\"Les champs marqu\\u00e9s d\\u2019un <span class=\\\"ninja-forms-req-symbol\\\">*<\\\/span> sont obligatoires\",\"thousands_sep\":\"\\u00a0\",\"decimal_point\":\",\",\"siteLocale\":\"fr_FR\",\"dateFormat\":\"d\\\/m\\\/Y\",\"startOfWeek\":\"1\",\"of\":\"sur\",\"previousMonth\":\"Mois pr\\u00e9c\\u00e9dent\",\"nextMonth\":\"Mois suivant\",\"months\":[\"Janvier\",\"F\\u00e9vrier\",\"Mars\",\"Avril\",\"Mai\",\"Juin\",\"Juillet\",\"Ao\\u00fbt\",\"Septembre\",\"Octobre\",\"Novembre\",\"D\\u00e9cembre\"],\"monthsShort\":[\"Jan\",\"F\\u00e9v\",\"Mar\",\"Avr\",\"Mai\",\"Juin\",\"Juil\",\"Ao\\u00fb\",\"Sep\",\"Oct\",\"Nov\",\"D\\u00e9c\"],\"weekdays\":[\"Dimanche\",\"Lundi\",\"Mardi\",\"Mercredi\",\"Jeudi\",\"Vendredi\",\"Samedi\"],\"weekdaysShort\":[\"Dim\",\"Lun\",\"Mar\",\"Mer\",\"Jeu\",\"Ven\",\"Sam\"],\"weekdaysMin\":[\"Di\",\"Lu\",\"Ma\",\"Me\",\"Je\",\"Ve\",\"Sa\"],\"recaptchaConsentMissing\":\"reCaptcha validation couldn&#039;t load.\",\"recaptchaMissingCookie\":\"reCaptcha v3 validation couldn&#039;t load the cookie needed to submit the form.\",\"recaptchaConsentEvent\":\"Accept reCaptcha cookies before sending the form.\",\"currency_symbol\":\"\",\"beforeForm\":\"\",\"beforeFields\":\"\",\"afterFields\":\"\",\"afterForm\":\"\"};form.fields=[{\"objectType\":\"Field\",\"objectDomain\":\"fields\",\"editActive\":false,\"order\":1,\"idAttribute\":\"id\",\"type\":\"textbox\",\"fav_id\":0,\"def_id\":0,\"label\":\"Nom\",\"label_pos\":\"above\",\"mask\":\"\",\"datepicker\":0,\"first_name\":\"\",\"last_name\":\"\",\"from_name\":0,\"user_address_1\":\"\",\"user_address_2\":\"\",\"user_city\":\"\",\"user_zip\":\"\",\"user_phone\":\"\",\"user_email\":\"\",\"user_info_field_group\":\"\",\"show_help\":0,\"help_text\":\"\",\"show_desc\":0,\"desc_pos\":\"none\",\"desc_text\":\"\",\"calc_auto_include\":0,\"placeholder\":\"\",\"disable_input\":0,\"input_limit\":\"\",\"input_limit_type\":\"char\",\"input_limit_msg\":\"\",\"user_state\":0,\"autocomplete_off\":0,\"num_sort\":0,\"admin_label\":\"\",\"user_info_field_group_name\":\"\",\"user_info_field_group_custom\":\"\",\"element_class\":\"\",\"required\":1,\"key\":\"textbox_1\",\"default\":\"\",\"container_class\":\"\",\"manual_key\":false,\"custom_mask\":\"\",\"custom_name_attribute\":\"\",\"personally_identifiable\":\"\",\"value\":\"\",\"id\":1,\"beforeField\":\"\",\"afterField\":\"\",\"parentType\":\"textbox\",\"element_templates\":[\"textbox\",\"input\"],\"old_classname\":\"\",\"wrap_template\":\"wrap\"},{\"objectType\":\"Field\",\"objectDomain\":\"fields\",\"editActive\":false,\"order\":2,\"idAttribute\":\"id\",\"type\":\"email\",\"fav_id\":0,\"def_id\":14,\"label\":\"Email\",\"label_pos\":\"above\",\"default_value\":\"\",\"mask\":\"\",\"datepicker\":0,\"first_name\":0,\"last_name\":0,\"from_name\":0,\"user_address_1\":0,\"user_address_2\":0,\"user_city\":0,\"user_zip\":0,\"user_phone\":0,\"user_info_field_group\":1,\"show_help\":0,\"help_text\":\"\",\"calc_auto_include\":0,\"calc_option\":0,\"conditional\":\"\",\"user_info_field_group_name\":\"\",\"user_info_field_group_custom\":\"\",\"show_desc\":0,\"desc_pos\":\"none\",\"desc_text\":\"\",\"element_class\":\"\",\"required\":1,\"default\":\"\",\"key\":\"email_2\",\"placeholder\":\"\",\"container_class\":\"\",\"admin_label\":\"\",\"custom_name_attribute\":\"email\",\"personally_identifiable\":1,\"value\":\"\",\"id\":2,\"beforeField\":\"\",\"afterField\":\"\",\"parentType\":\"email\",\"element_templates\":[\"email\",\"input\"],\"old_classname\":\"\",\"wrap_template\":\"wrap\"},{\"objectType\":\"Field\",\"objectDomain\":\"fields\",\"editActive\":false,\"order\":3,\"idAttribute\":\"id\",\"type\":\"textarea\",\"fav_id\":0,\"def_id\":0,\"label\":\"Message\",\"label_pos\":\"above\",\"default_value\":\"\",\"textarea_rte\":0,\"textarea_media\":0,\"disable_rte_mobile\":0,\"show_help\":0,\"help_text\":\"\",\"show_desc\":0,\"desc_pos\":\"none\",\"desc_text\":\"\",\"calc_auto_include\":0,\"element_class\":\"\",\"required\":1,\"default\":\"\",\"key\":\"textarea_3\",\"placeholder\":\"\",\"container_class\":\"\",\"input_limit\":\"\",\"input_limit_type\":\"characters\",\"input_limit_msg\":\"Caract\\u00e8re(s) restant(s)\",\"manual_key\":false,\"admin_label\":\"\",\"value\":\"\",\"id\":3,\"beforeField\":\"\",\"afterField\":\"\",\"parentType\":\"textarea\",\"element_templates\":[\"textarea\",\"input\"],\"old_classname\":\"\",\"wrap_template\":\"wrap\"},{\"objectType\":\"Field\",\"objectDomain\":\"fields\",\"editActive\":false,\"order\":4,\"idAttribute\":\"id\",\"type\":\"checkbox\",\"label\":\"Politique de protection des donn\\u00e9es\",\"input_limit_msg\":\"character(s) left\",\"label_pos\":\"above\",\"default_value\":\"unchecked\",\"calc_value\":[],\"calc_auto_include\":0,\"num_sort\":0,\"admin_label\":\"\",\"show_help\":0,\"help_text\":\"\",\"show_desc\":1,\"desc_pos\":\"after_label\",\"desc_text\":\"<div class=\\\"gform_body\\\"><br>\\n<p style=\\\"color: #aeaeae;\\\">En soumettant ce formulaire vous acceptez que l'h\\u00f4tel Relais Saint Sulpice collecte et utilise les donn\\u00e9es personnelles que vous venez de renseigner dans ce formulaire dans le but de vous contacter et vous envoyer des renseignements que vous avez accept\\u00e9es de recevoir, en accord avec notre politique de protection des donn\\u00e9es.<\\\/p>\\n<br>\\n<br>\\n<\\\/div>\",\"element_class\":\"\",\"required\":1,\"default\":\"unchecked\",\"checked_calc_value\":0,\"unchecked_calc_value\":0,\"key\":\"checkbox_90\",\"container_class\":\"\",\"manual_key\":false,\"checked_value\":\"Coch\\u00e9\",\"unchecked_value\":\"D\\u00e9coch\\u00e9\",\"value\":\"unchecked\",\"id\":90,\"beforeField\":\"\",\"afterField\":\"\",\"parentType\":\"checkbox\",\"element_templates\":[\"checkbox\",\"input\"],\"old_classname\":\"\",\"wrap_template\":\"wrap\"},{\"objectType\":\"Field\",\"objectDomain\":\"fields\",\"editActive\":false,\"order\":5,\"idAttribute\":\"id\",\"type\":\"checkbox\",\"label\":\"Appels commerciaux\",\"key\":\"appels_commerciaux_1735229845046\",\"label_pos\":\"above\",\"required\":1,\"container_class\":\"\",\"element_class\":\"\",\"manual_key\":false,\"admin_label\":\"\",\"help_text\":\"<p class=\\\"MsoNormal\\\" style=\\\"margin-left:36.0pt;text-indent:-36.0pt\\\"><br><\\\/p>\",\"desc_text\":\"\\n<p style=\\\"color: #aeaeae;\\\">Si vous ne souhaitez pas recevoir d\\u2019appel t\\u00e9l\\u00e9phoniques commerciaux de notre part, merci de cocher cette case.<\\\/p>\\n<br>\\n<br>\\n\",\"default_value\":\"unchecked\",\"checked_value\":\"Coch\\u00e9\",\"unchecked_value\":\"D\\u00e9coch\\u00e9\",\"checked_calc_value\":\"\",\"unchecked_calc_value\":\"\",\"drawerDisabled\":false,\"id\":91,\"beforeField\":\"\",\"afterField\":\"\",\"value\":\"\",\"parentType\":\"checkbox\",\"element_templates\":[\"checkbox\",\"input\"],\"old_classname\":\"\",\"wrap_template\":\"wrap\"},{\"objectType\":\"Field\",\"objectDomain\":\"fields\",\"editActive\":false,\"order\":6,\"idAttribute\":\"id\",\"type\":\"recaptcha\",\"label\":\"Captcha\",\"input_limit_msg\":\"character(s) left\",\"label_pos\":\"above\",\"show_desc\":0,\"desc_pos\":\"none\",\"desc_text\":\"\",\"required\":1,\"key\":\"recaptcha_82\",\"container_class\":\"\",\"element_class\":\"\",\"size\":\"visible\",\"id\":82,\"beforeField\":\"\",\"afterField\":\"\",\"value\":\"\",\"parentType\":\"textbox\",\"element_templates\":[\"recaptcha\",\"input\"],\"old_classname\":\"\",\"wrap_template\":\"wrap\",\"site_key\":\"6LeWydMrAAAAAPZ6sSCJ2hNx0irgK0lA-WwHY_0V\",\"theme\":\"light\",\"lang\":\"en\"},{\"objectType\":\"Field\",\"objectDomain\":\"fields\",\"editActive\":false,\"order\":7,\"idAttribute\":\"id\",\"type\":\"submit\",\"fav_id\":0,\"def_id\":0,\"label\":\"Envoyer\",\"show_help\":0,\"help_text\":\"\",\"show_desc\":0,\"desc_pos\":\"none\",\"desc_text\":\"\",\"processing_label\":\"Processing\",\"element_class\":\"\",\"key\":\"submit_4\",\"container_class\":\"\",\"admin_label\":\"\",\"id\":4,\"beforeField\":\"\",\"afterField\":\"\",\"value\":\"\",\"label_pos\":\"above\",\"parentType\":\"textbox\",\"element_templates\":[\"submit\",\"button\",\"input\"],\"old_classname\":\"\",\"wrap_template\":\"wrap-no-label\"}];nfForms.push(form);<\/script>\n        [\/vc_column][\/vc_row][vc_row][vc_column][vc_column_text]\n<h2>Comment acc\u00e9der \u00e0 l&rsquo;h\u00f4tel Relais Saint Sulpice\u00a0?<\/h2>\n[\/vc_column_text][vc_column_text]\n<h2>Acc\u00e8s en M\u00e9tro et en Bus<\/h2>\n<p>\u00a0<\/p>\n<p style=\"text-align: center;\">Lignes de M\u00e9tro desservant \u00e0 proximit\u00e9 imm\u00e9diate de l\u2019h\u00f4tel Relais Saint Sulpice:<\/p>\n<p style=\"text-align: left;\">&gt; <strong>Ligne 10<\/strong> : arr\u00eat Mabillon (Sortie : Rue du Four ; Prendre \u00e0 Gauche la rue Mabillon ; Prendre \u00e0 Gauche la rue Saint Sulpice et tourner \u00e0 droite dans la rue Garanci\u00e8re; 3 min \u00e0 pied; 250 m)<\/p>\n<p style=\"text-align: left;\">&gt; <strong>Ligne 4<\/strong> : arr\u00eat Od\u00e9on (Sortie : Carrefour de l&rsquo;Od\u00e9on ; Continuer sur la rue de l&rsquo;Od\u00e9on; Prendre \u00e0 Gauche la rue de Cond\u00e9 puis \u00e0 droite dans la rue Saint Sulpice; enfin prendre \u00e0 gauche la rue Garanci\u00e8re ; 5 min \u00e0 pied; 350 m)<\/p>\n<p style=\"text-align: left;\">&gt; <strong>Lignes de Bus<\/strong> \u00e0 proximit\u00e9 imm\u00e9diate de la rue Garanci\u00e8re : N\u00b0 58; N\u00b063 ; N\u00b070 ; N\u00b084 ; N\u00b086 ; N\u00b087 ; N\u00b096<\/p>\n<p style=\"text-align: center;\">Pour d\u00e9finir votre trajet en M\u00e9tro, en Bus ou en R.E.R, cliquez sur le lien suivant : <a href=\"https:\/\/www.ratp.fr\/\"><strong>www.ratp.fr<\/strong><\/a><\/p>\n<h2>Depuis l&rsquo;a\u00e9roport de Paris Charles de Gaulle<\/h2>\n<p style=\"text-align: left;\">&gt; Des <strong>taxis<\/strong> sont disponibles \u00e0 l&rsquo;<strong>a\u00e9roport Paris Charles de Gaulle<\/strong> pour vous conduire directement \u00e0 l&rsquo;h\u00f4tel Relais Saint Sulpice. <strong>Distance<\/strong> : 30 Km ; <strong>Dur\u00e9e<\/strong> : 40 min ; <strong>Prix<\/strong> : environ 50 \u20ac<\/p>\n<p style=\"text-align: left;\">&gt; <strong>Transfert en Bus<\/strong> : Prendre la<strong> navette Air France<\/strong> jusqu\u2019\u00e0 la gare Montparnasse. Prendre le <strong>bus Ratp n\u00b0 96<\/strong> (direction : Porte des Lilas) et descendre \u00e0 l\u2019arr\u00eat Seine Buci. (Traverser le Bd Saint-Germain et prendre la rue de Buci ; Continuer sur la rue de Seine ; Prendre la 1\u00e8re \u00e0 droite Rue Jacques Callot et continuer sur la rue Gu\u00e9n\u00e9gaud ; 5 min \u00e0 pied). <strong>Distance <\/strong>: 29Km ; <strong>Dur\u00e9e <\/strong>: 60 min ; <strong>Prix\u00a0<\/strong>: environ 15\u20ac<\/p>\n<p style=\"text-align: center;\">Pour d\u00e9finir votre trajet en M\u00e9tro, en Bus ou en R.E.R depuis l&rsquo;a\u00e9roport de Charles de Gaulle, rendez-vous sur le site :<a href=\"https:\/\/www.ratp.fr\/\"><strong> www.ratp.fr<\/strong><\/a><\/p>\n<h2>Depuis l&rsquo;a\u00e9roport de Paris Orly<\/h2>\n<p style=\"text-align: left;\">&gt; Des <strong>taxis<\/strong> sont disponibles \u00e0 l&rsquo;<strong>a\u00e9roport Paris Orly<\/strong> pour vous conduire directement \u00e0 l&rsquo;H\u00f4tel Relais Saint Sulpice. <strong>Distance<\/strong> : 16 Km ; <strong>Dur\u00e9e<\/strong> : 20 min ; <strong>Prix<\/strong> : environ 40 \u20ac<\/p>\n<p style=\"text-align: left;\">&gt; <strong>Transfert en Bus<\/strong> : Prendre le<strong> car Air France<\/strong> jusqu\u2019\u00e0 la<strong> gare Montparnasse<\/strong>. Prendre le bus <strong>Ratp n\u00b0 96<\/strong> (direction : Porte des Lilas) et descendre \u00e0 l\u2019arr\u00eat Saint Germain &#8211; Od\u00e9on. (Arr\u00eat de bus situ\u00e9 \u00e0 6 minutes \u00e0 pied de l&rsquo;h\u00f4tel; 400 m). <strong>Distance<\/strong> : 16Km ; <strong>Dur\u00e9e<\/strong> : 45 min ; <strong>Prix<\/strong> : environ 15 \u20ac<\/p>\n<p style=\"text-align: center;\">Pour d\u00e9finir votre trajet en M\u00e9tro, en Bus ou en R.E.R depuis l&rsquo;a\u00e9roport d&rsquo;Orly, rendez-vous sur le site : <a href=\"https:\/\/www.ratp.fr\/\"><strong>www.ratp.fr<\/strong><\/a><\/p>\n<h2>Depuis la Gare Montparnasse<\/h2>\n<p style=\"text-align: left;\">&gt; Des <strong>taxis<\/strong> sont disponibles \u00e0 la <strong>gare Montparnasse<\/strong> pour vous conduire directement \u00e0 l&rsquo;h\u00f4tel Relais Saint Sulpice. <strong>Distance<\/strong> : 3 Km ; <strong>Dur\u00e9e<\/strong> : 10 min ; <strong>Prix<\/strong> : environ 15 \u20ac<\/p>\n<p style=\"text-align: left;\">&gt; <strong>M\u00e9tro<\/strong> : Prendre la<strong> ligne 4<\/strong> (direction Porte de Clignancourt) et descendre \u00e0 <strong>Od\u00e9on<\/strong> (Sortie : Carrefour de l&rsquo;Od\u00e9on ; Continuer sur la rue de l&rsquo;Od\u00e9on; Prendre \u00e0 Gauche la rue de Cond\u00e9 puis \u00e0 droite la rue Saint Sulpice; enfin prendre \u00e0 gauche la rue Garanci\u00e8re) <strong>Dur\u00e9e<\/strong> : 15 min ; <strong>Prix<\/strong> : environ 2 \u20ac<\/p>\n<p style=\"text-align: left;\">&gt; <strong>Bus<\/strong> : Prendre le <strong>bus Ratp n\u00b0 96<\/strong> (direction : Porte des Lilas) et descendre \u00e0 l\u2019<strong>arr\u00eat Bonaparte Saint-Germain<\/strong>. (Prendre la rue des Canettes; Tourner \u00e0 Gauche dans la Rue Saint Sulpice et tourner \u00e0 droite dans la rue Garanci\u00e8re). <strong>Distance<\/strong> : 3 Km ; <strong>Dur\u00e9e<\/strong> : 10 min ; <strong>Prix<\/strong> : environ 2 \u20ac<\/p>\n<h2>Depuis la Gare de Lyon<\/h2>\n<p style=\"text-align: left;\">&gt; Des <strong>taxis<\/strong> sont disponibles \u00e0 <strong>Gare de Lyon<\/strong> pour vous conduire directement \u00e0 l&rsquo;h\u00f4tel Relais Saint Sulpice. <strong>Distance<\/strong> : 4 Km ; <strong>Dur\u00e9e<\/strong> : 15 min ; <strong>Prix<\/strong> : environ 15 \u20ac<\/p>\n<p style=\"text-align: left;\">&gt; <strong>M\u00e9tro<\/strong> : Prendre la <strong>ligne 14<\/strong> (direction : Saint-Lazare) et descendre \u00e0 Ch\u00e2telet. Prendre la<strong> ligne 4<\/strong> (direction : Porte d\u2019Orl\u00e9ans). Descendre \u00e0 la <strong>station Od\u00e9on<\/strong>. (Sortie : Carrefour de l&rsquo;Od\u00e9on ; Continuer sur la rue de l&rsquo;Od\u00e9on; Prendre \u00e0 Gauche la rue de Cond\u00e9 puis \u00e0 droite la rue Saint Sulpice; enfin prendre \u00e0 gauche la rue Garanci\u00e8re) <strong>Dur\u00e9e<\/strong> : 20 min ; <strong>Prix<\/strong> : environ 2 \u20ac<\/p>\n<p style=\"text-align: left;\">&gt; <strong>Bus<\/strong> : Prendre le <strong>bus Ratp n\u00b0 63<\/strong> (direction : Porte de la Muette) et descendre \u00e0 l\u2019<strong>arr\u00eat Saint Germain-Od\u00e9on<\/strong>. (Arr\u00eat de bus situ\u00e9 \u00e0 6 minutes \u00e0 pied de l&rsquo;h\u00f4tel; 400 m). <strong>Distance<\/strong> : 3 Km ; <strong>Dur\u00e9e<\/strong> : 20 min ; <strong>Prix<\/strong> : environ 2 \u20ac<\/p>\n<p style=\"text-align: center;\">Pour d\u00e9finir votre trajet en M\u00e9tro, en Bus ou en R.E.R, cliquer sur le lien suivant : <a href=\"https:\/\/www.ratp.fr\/\"><strong>www.ratp.fr<\/strong><\/a><\/p>\n<h2>Parking \u00e0 proximit\u00e9 de l&rsquo;h\u00f4tel<\/h2>\n<p style=\"text-align: center;\">Si vous venez en voiture, il y a deux parkings ind\u00e9pendants \u00e0 proximit\u00e9 de l\u2019h\u00f4tel Relais Saint Sulpice :<\/p>\n<p style=\"text-align: left;\"><strong>Parking Saint Sulpice<\/strong>: Situ\u00e9 face au n\u00b0 8 de la place Saint Sulpice (75006 Paris), ce parking est \u00e0 <strong>140 m de l\u2019h\u00f4tel<\/strong>. Nombre de places: 400 ; <strong>Tarif pour 1H<\/strong>: environ 3 \u20ac ; <strong>Tarif pour 24H<\/strong>: environ 40\u20ac\u00a0<\/p>\n<p style=\"text-align: left;\">Site du parking: <a href=\"https:\/\/www.saemes.fr\/fr\/parking\/parking-saint-sulpice\">https:\/\/www.saemes.fr\/fr\/parking\/parking-saint-sulpice<\/a><\/p>\n<p>\u00a0<\/p>\n<p style=\"text-align: left;\">&gt; <strong>Parking March\u00e9 Saint Germain<\/strong>: Situ\u00e9, face au 14 de la rue Lobineau (75006 Paris), ce parking est \u00e0 <strong>100 m de l\u2019h\u00f4tel<\/strong>. Nombre de places: 400 ; <strong>Tarif pour 1H<\/strong>: environ 3 \u20ac ; <strong>Tarif pour 24H<\/strong>: environ 40 \u20ac<\/p>\n<p style=\"text-align: center;\">Pour d\u00e9finir votre trajet en voiture rendez-vous :\u00a0<a href=\"https:\/\/fr.mappy.com\/\"><strong>www.mappy.fr<\/strong><\/a><\/p>\n[\/vc_column_text][\/vc_column][\/vc_row]\n","protected":false},"excerpt":{"rendered":"<p>[vc_row][vc_column][vc_column_text] Contacter les \u00e9quipes de l&rsquo;h\u00f4tel H\u00f4tel Relais Saint Sulpice Pour plus d&rsquo;informations\u00a0contacter nos \u00e9quipes : &gt; Adresse\u00a0:\u00a03, Rue Garanci\u00e8re [&hellip;]<\/p>\n","protected":false},"author":3,"featured_media":3024,"parent":0,"menu_order":0,"comment_status":"open","ping_status":"open","template":"page-templates\/contact.php","meta":[],"_links":{"self":[{"href":"https:\/\/www.relais-saint-sulpice.com\/fr\/wp-json\/wp\/v2\/pages\/1401"}],"collection":[{"href":"https:\/\/www.relais-saint-sulpice.com\/fr\/wp-json\/wp\/v2\/pages"}],"about":[{"href":"https:\/\/www.relais-saint-sulpice.com\/fr\/wp-json\/wp\/v2\/types\/page"}],"author":[{"embeddable":true,"href":"https:\/\/www.relais-saint-sulpice.com\/fr\/wp-json\/wp\/v2\/users\/3"}],"replies":[{"embeddable":true,"href":"https:\/\/www.relais-saint-sulpice.com\/fr\/wp-json\/wp\/v2\/comments?post=1401"}],"version-history":[{"count":37,"href":"https:\/\/www.relais-saint-sulpice.com\/fr\/wp-json\/wp\/v2\/pages\/1401\/revisions"}],"predecessor-version":[{"id":4399,"href":"https:\/\/www.relais-saint-sulpice.com\/fr\/wp-json\/wp\/v2\/pages\/1401\/revisions\/4399"}],"wp:featuredmedia":[{"embeddable":true,"href":"https:\/\/www.relais-saint-sulpice.com\/fr\/wp-json\/wp\/v2\/media\/3024"}],"wp:attachment":[{"href":"https:\/\/www.relais-saint-sulpice.com\/fr\/wp-json\/wp\/v2\/media?parent=1401"}],"curies":[{"name":"wp","href":"https:\/\/api.w.org\/{rel}","templated":true}]}}