{"id":2030,"date":"2016-11-09T17:40:05","date_gmt":"2016-11-09T16:40:05","guid":{"rendered":"http:\/\/1.dev.ydyle.fr\/?page_id=2030"},"modified":"2018-06-20T18:15:23","modified_gmt":"2018-06-20T17:15:23","slug":"mentions-legales","status":"publish","type":"page","link":"https:\/\/www.relais-saint-sulpice.com\/fr\/mentions-legales\/","title":{"rendered":"Mentions L\u00e9gales"},"content":{"rendered":"<div class=\"chambres\">\n<div class=\"center\">\n<h1>Mentions L\u00e9gales<\/h1>\n<\/div>\n<h2>Informations \u00e9diteur et coordonn\u00e9es<\/h2>\n<p class=\"main_content\">Pour toutes suggestions, informations, concernant notre site, n\u2019h\u00e9sitez pas \u00e0 nous \u00e9crire :<\/p>\n<p class=\"main_content\">H\u00f4tel**** Relais Saint Sulpice<\/p>\n<p class=\"main_content\">3, Rue Garanci\u00e8re &#8211; 75006 Paris &#8211; France<\/p>\n<p class=\"main_content\">T\u00e9l.: +33(0)1 46 33 99 00 &#8211; Fax.: +33(0)1 46 33 00 10<\/p>\n<p class=\"main_content\">Email : <a href=\"mailto:sulpice@designhotelst.com\">sulpice@designhotelst.com<\/a><\/p>\n<p class=\"main_content\"><a href=\"https:\/\/www.relais-saint-sulpice.com\/fr\/\">www.relais-saint-sulpice.com<\/a><\/p>\n<p>&nbsp;<\/p>\n<h2>Conception et d\u00e9veloppement<\/h2>\n<p class=\"main_content\">Ce site internet a \u00e9t\u00e9 con\u00e7u et r\u00e9alis\u00e9 par :<\/p>\n<p class=\"main_content\">Groupe Ydyle<\/p>\n<p class=\"main_content\">35-37 Avenue Paul Doumer<\/p>\n<p class=\"main_content\">75116 Paris<\/p>\n<p class=\"main_content\"><a href=\"http:\/\/www.groupe-ydyle.fr\/\" target=\"_blank\" rel=\"noopener\">www.groupe-ydyle.fr<\/a><\/p>\n<p>&nbsp;<\/p>\n<h2>Traitement des donn\u00e9es personnelles<\/h2>\n<p class=\"main_content\">Les cookies sont des informations plac\u00e9es sur votre \u00e9quipement par un site Web lorsque vous visitez ce site.<\/p>\n<p class=\"main_content\">Les cookies nous permettent de personnaliser le contenu et d&rsquo;analyser notre trafic. Nous partageons \u00e9galement des informations sur l&rsquo;utilisation de notre site avec nos partenaires de publicit\u00e9 et d&rsquo;analyse, qui peuvent combiner celles-ci avec d&rsquo;autres informations que vous leur avez fournies ou qu&rsquo;ils ont collect\u00e9es lors de votre utilisation de leurs services.<\/p>\n<p class=\"main_content\">Nous nous engageons \u00e0 respecter les dispositions de la loi sur l&rsquo;informatique et les libert\u00e9s (article 27 de la loi n\u00b078-17 du 6 janvier 1978). En cons\u00e9quence vous disposez d &lsquo;un droit d&rsquo;acc\u00e8s, de modification, de rectification et de suppression des donn\u00e9es qui vous concernent. Pour exercer ce droit, adressez-vous \u00e0 :\u00a0<a href=\"mailto:sulpice@designhotelst.com\">sulpice@designhotelst.com<\/a><\/p>\n<p class=\"main_content\">Le site de la CNIL : <a href=\"https:\/\/www.cnil.fr\/\" target=\"_blank\" rel=\"noopener\">www.cnil.fr<\/a><\/p>\n<\/div>\n","protected":false},"excerpt":{"rendered":"<p>Mentions L\u00e9gales Informations \u00e9diteur et coordonn\u00e9es Pour toutes suggestions, informations, concernant notre site, n\u2019h\u00e9sitez pas \u00e0 nous \u00e9crire : H\u00f4tel**** [&hellip;]<\/p>\n","protected":false},"author":3,"featured_media":3024,"parent":0,"menu_order":0,"comment_status":"closed","ping_status":"closed","template":"","meta":{"footnotes":""},"class_list":["post-2030","page","type-page","status-publish","has-post-thumbnail","hentry"],"_links":{"self":[{"href":"https:\/\/www.relais-saint-sulpice.com\/fr\/wp-json\/wp\/v2\/pages\/2030","targetHints":{"allow":["GET"]}}],"collection":[{"href":"https:\/\/www.relais-saint-sulpice.com\/fr\/wp-json\/wp\/v2\/pages"}],"about":[{"href":"https:\/\/www.relais-saint-sulpice.com\/fr\/wp-json\/wp\/v2\/types\/page"}],"author":[{"embeddable":true,"href":"https:\/\/www.relais-saint-sulpice.com\/fr\/wp-json\/wp\/v2\/users\/3"}],"replies":[{"embeddable":true,"href":"https:\/\/www.relais-saint-sulpice.com\/fr\/wp-json\/wp\/v2\/comments?post=2030"}],"version-history":[{"count":13,"href":"https:\/\/www.relais-saint-sulpice.com\/fr\/wp-json\/wp\/v2\/pages\/2030\/revisions"}],"predecessor-version":[{"id":3382,"href":"https:\/\/www.relais-saint-sulpice.com\/fr\/wp-json\/wp\/v2\/pages\/2030\/revisions\/3382"}],"wp:featuredmedia":[{"embeddable":true,"href":"https:\/\/www.relais-saint-sulpice.com\/fr\/wp-json\/wp\/v2\/media\/3024"}],"wp:attachment":[{"href":"https:\/\/www.relais-saint-sulpice.com\/fr\/wp-json\/wp\/v2\/media?parent=2030"}],"curies":[{"name":"wp","href":"https:\/\/api.w.org\/{rel}","templated":true}]}}