{"id":2256,"date":"2016-11-29T11:33:29","date_gmt":"2016-11-29T10:33:29","guid":{"rendered":"http:\/\/1.dev.ydyle.fr\/?page_id=2256"},"modified":"2023-02-24T10:46:31","modified_gmt":"2023-02-24T09:46:31","slug":"chambres","status":"publish","type":"page","link":"https:\/\/www.relais-saint-sulpice.com\/fr\/chambres\/","title":{"rendered":"Chambres"},"content":{"rendered":"<h1>Un Lieu de Curiosit\u00e9 : Explorer l\u2019essence et sens du voyage !<br \/>\n<\/h1>\n<form id=\"ninja_forms_form_16\" enctype=\"multipart\/form-data\" action=\"#\" data-region=\"emea\" data-channelcode=\"hotelrelaissaintsulpicedirect\" class=\"ninja-forms-form  container-fluid row second_resa ibe\">\r\n\r\n\t<div id=\"ninja_forms_form_16_all_fields_wrap\" class=\"ninja-forms-all-fields-wrap\">\r\n\t\t<div class=\"ninja-forms-required-items\">Les champs marqu\u00e9s d'une <span class=\"ninja-forms-req-symbol\">*<\/span> sont obligatoires<\/div>\r\n\t\t<div class=\"field-wrap text-wrap label-above -wrap col-4-wrap\" id=\"ninja_forms_field_35_div_wrap\" data-visible=\"1\">\r\n\t\t<label for=\"ninja_forms_field_35\" id=\"ninja_forms_field_35_label\" class=\"\">Date d'arriv\u00e9e <span class=\"ninja-forms-req-symbol\"><strong>*<\/strong><\/span>\t\t\t\t<\/label>\r\n\t\t\t<input id=\"arr2\" data-mask=\"\" data-input-limit=\"\" data-input-limit-type=\"char\" data-input-limit-msg=\"character(s) left\" name=\"check_in_date\" type=\"date\" placeholder=\"\" class=\" datepicker \" value=\"\" rel=\"35\" required min=\"2026-05-05\">\r\n\t\t\t<div id=\"ninja_forms_field_35_error\" style=\"display:none;\" class=\"ninja-forms-field-error\">\r\n\t\t\t<\/div>\r\n\t\t<\/div>\r\n\t\t<div class=\"field-wrap text-wrap label-above -wrap col-4-wrap\" id=\"ninja_forms_field_36_div_wrap\" data-visible=\"1\">\r\n\t\t\t<label for=\"ninja_forms_field_36\" id=\"ninja_forms_field_36_label\" class=\"\">Nombre de nuit(s)<span class=\"ninja-forms-req-symbol\"><strong>*<\/strong><\/span>\t\t\t\t<\/label>\r\n\t\t\t<input id=\"dep2\" data-mask=\"\" data-input-limit=\"\" data-input-limit-type=\"char\" data-input-limit-msg=\"character(s) left\" name=\"number_nights\" type=\"number\" placeholder=\"\"  value=\"\" rel=\"36\"  required min=\"1\" value=\"1\">\r\n\t\t\t<div id=\"ninja_forms_field_36_error\" style=\"display:none;\" class=\"ninja-forms-field-error\">\r\n\t\t\t<\/div>\r\n\t\t<\/div>\r\n \t\t<div class=\"field-wrap list-dropdown-wrap label-above -wrap col-4-wrap\" id=\"ninja_forms_field_37_div_wrap\" data-visible=\"1\">\r\n\t\t\t<label for=\"ninja_forms_field_37\" id=\"ninja_forms_field_37_label\" class=\"\">\r\n\t\t\tPersonne(s) <span class=\"ninja-forms-req-symbol\"><strong>*<\/strong><\/span>\t\t\t\t<\/label>\r\n\t\t\t<select name=\"adu\" id=\"ninja_forms_field_37\" class=\"ninja-forms-field  ninja-forms-req  col-4\" rel=\"37\">\r\n\t\t\t<option value=\"1\" selected=\"\" style=\"\">1 Personne<\/option>\r\n\t\t\t\t<option value=\"2\" style=\"\">2 Personnes<\/option>\r\n\t\t\t<\/select>\r\n\t\t\t<\/select>\r\n\t\t\t<div id=\"ninja_forms_field_37_error\" style=\"display:none;\" class=\"ninja-forms-field-error\">\r\n\t\t\t<\/div>\r\n\t\t<\/div>\r\n\t\t\r\n\t\t\t\t\t\t<div class=\"field-wrap list-dropdown-wrap label-above -wrap col-2-wrap\" id=\"ninja_forms_field_39_div_wrap\" data-visible=\"1\">\r\n\t\t<label for=\"ninja_forms_field_39\" id=\"ninja_forms_field_39_label\" class=\"\">\r\n\t\tEnfant(s)\t\t\t\t<\/label>\r\n\t\t\t\t\t<input max=\"3\" min=\"0\" name=\"number_children\" type=\"number\" value=\"0\" class=\"col-2\"\/>\r\n\t\t<div id=\"ninja_forms_field_39_error\" style=\"display:none;\" class=\"ninja-forms-field-error\">\r\n\t\t<\/div>\r\n\t<\/div>\r\n\t<div class=\"submit_container field-wrap submit-wrap label-above -wrap col-2-wrap\" id=\"ninja_forms_field_42_div_wrap\" data-visible=\"1\">\r\n\t\t<div id=\"nf_submit_16\">\r\n\t\t\t<input type=\"submit\" name=\"_ninja_forms_field_42\" class=\"ninja-forms-field   col-2\" id=\"ninja_forms_field_42\" value=\"Trouver une chambre\" rel=\"42\">\r\n\t\t<\/div>\r\n\t\t<div id=\"nf_processing_16\" style=\"display:none;\">\r\n\t\t\t<input type=\"submit\" name=\"_ninja_forms_field_42\" class=\"ninja-forms-field   col-2\" id=\"ninja_forms_field_42\" value=\"En traitement\" rel=\"42\" disabled=\"\">\r\n\t\t<\/div>\r\n\t\t<div id=\"ninja_forms_field_42_error\" style=\"display:none;\" class=\"ninja-forms-field-error\">\r\n\t\t<\/div>\r\n\t<\/div>\r\n\t<div class=\"clearfix\"><\/div>\t<\/div>\r\n<\/form>\r\n<script>\r\njQuery( document ).ready( function () {\r\n\r\n                var d = new Date();\r\n                var res = d.toISOString().split(\"T\");                                                                                                                                             jQuery('#arr2').val(res[0]);\r\n\r\n                jQuery('#arr2').change(function() {\r\n                        var date = new Date(jQuery('#arr2').val());\r\n                        date.setDate(date.getDate() + 1);\r\n                        var res = date.toISOString().split(\"T\");\r\n                        jQuery('#dep2').val(res[0]);\r\n                });\r\n\r\n});\r\n<\/script>\r\n\n<p>Les propri\u00e9taires, grands voyageurs et nourris par la curiosit\u00e9, ont tout mis en \u0153uvre pour vous donner<strong>\u00a0l\u2019impression d\u2019\u00eatre dans une belle maison priv\u00e9e<\/strong>\u00a0plut\u00f4t que dans un lieu public.<\/p>\n<p>Ainsi, chacune des<strong>\u00a026 chambres rappelle des pays, des \u00e9poques, des cr\u00e9ateurs<\/strong>\u00a0qu\u2019ils ont aim\u00e9s pendant leurs s\u00e9jours en France et \u00e0 l\u2019\u00e9tranger : \u00e9corces et velours africains, mobilier chin\u00e9 essentiellement aux puces de Saint-Ouen mais aussi ailleurs dans Paris, dessins originaux de Jean-Marc Louis (artiste peintre ayant trouv\u00e9 son inspiration dans les couleurs locales de la C\u00f4te d\u2019Ivoire o\u00f9 il a v\u00e9cu pendant 25 ans)\u2026<\/p>\n<p>Une anecdote particuli\u00e8re est attach\u00e9e \u00e0 chacun des objets expos\u00e9s ou aux \u00e9l\u00e9ments de d\u00e9corations.<\/p>\n<p>Le charme des chambres ressort \u00e9galement \u00e0 travers les mat\u00e9riaux utilis\u00e9s: lits en fer forg\u00e9, tissus tendus et les rideaux aux couleurs du sud confectionn\u00e9s par \u2018Les Olivades\u2019; les passementeries de chez \u2018Houl\u00e8s\u2019 sont ici d\u00e9tourn\u00e9es de mani\u00e8re originale pour d\u00e9limiter les plafonds ; la moquette pure laine aux motifs inspir\u00e9s des velours africain, mis au point avec le fabriquant a \u00e9t\u00e9 tiss\u00e9e dans une filature du Nord de la France exclusivement pour l\u2019H\u00f4tel Relais Saint Sulpice\u2026<\/p>\n<p>Quant\u00a0<strong>aux \u0153uvres d\u00e9corant les murs, elles sont toutes des originaux<\/strong>\u00a0: gravures du XVIII\u00e8me si\u00e8cle et lithographies \u00e9dit\u00e9es par la Galerie Maeght, ainsi qu\u2019une collection de tissu.<br \/>Le num\u00e9ro des chambres est grav\u00e9 en laiton dans le parquet de jatoba sur le seuil des portes; une discr\u00e9tion qui ajoute au caract\u00e8re de grande maison particuli\u00e8re. Chaque chambre offre donc une atmosph\u00e8re unique\u2026 pour que vous puissiez vivre pleinement l\u2019esprit de l\u2019H\u00f4tel Relais Saint Sulpice, une \u00e9quipe chaleureuse et disponible pourra vous guider dans votre choix de chambre.<\/p>\n<p>L\u2019H\u00f4tel Relais Saint Sulpice, vous propose<strong>\u00a03 cat\u00e9gories de chambres<\/strong>\u00a0(classique, sup\u00e9rieure et deluxe). A l\u2019encontre de chambres st\u00e9r\u00e9otyp\u00e9es et sans \u00e2me, chacune des chambres de l\u2019H\u00f4tel Relais Saint Sulpice offre un cadre chaleureux, original est tr\u00e8s personnalis\u00e9.<\/p>\n<p>\t\t\t\t\t\t\t\t\t\t\t\t\t\t\t\t<a href=\"https:\/\/www.relais-saint-sulpice.com\/fr\/chambres\/chambres-classiques\/\"><br \/>\n\t\t\t\t\t\t\t<img width=\"300\" height=\"300\" src=\"https:\/\/www.relais-saint-sulpice.com\/wp-content\/uploads\/2016\/11\/Chambres-Classiques-FR.png\" alt=\"Chambres Classiques\" loading=\"lazy\" srcset=\"https:\/\/www.relais-saint-sulpice.com\/wp-content\/uploads\/2016\/11\/Chambres-Classiques-FR.png 300w, https:\/\/www.relais-saint-sulpice.com\/wp-content\/uploads\/2016\/11\/Chambres-Classiques-FR-150x150.png 150w\" sizes=\"(max-width: 300px) 100vw, 300px\" \/>\t\t\t\t\t\t\t\t<\/a><br \/>\n\t\t\t\t\t\t\t\t\t\t\t\t\t\t\t\t<a href=\"https:\/\/www.relais-saint-sulpice.com\/fr\/chambres\/chambres-superieures\/\"><br \/>\n\t\t\t\t\t\t\t<img width=\"300\" height=\"300\" src=\"https:\/\/www.relais-saint-sulpice.com\/wp-content\/uploads\/2016\/11\/Chambres-Sup\u00e9rieures-FR.png\" alt=\"Chambres Sup\u00e9rieures\" loading=\"lazy\" srcset=\"https:\/\/www.relais-saint-sulpice.com\/wp-content\/uploads\/2016\/11\/Chambres-Sup\u00e9rieures-FR.png 300w, https:\/\/www.relais-saint-sulpice.com\/wp-content\/uploads\/2016\/11\/Chambres-Sup\u00e9rieures-FR-150x150.png 150w\" sizes=\"(max-width: 300px) 100vw, 300px\" \/>\t\t\t\t\t\t\t\t<\/a><br \/>\n\t\t\t\t\t\t\t\t\t\t\t\t\t\t\t\t<a href=\"https:\/\/www.relais-saint-sulpice.com\/fr\/chambres\/chambres-deluxe\/\"><br \/>\n\t\t\t\t\t\t\t<img width=\"300\" height=\"300\" src=\"https:\/\/www.relais-saint-sulpice.com\/wp-content\/uploads\/2016\/11\/Chambres-Deluxe-FR.png\" alt=\"Chambres Deluxe\" loading=\"lazy\" srcset=\"https:\/\/www.relais-saint-sulpice.com\/wp-content\/uploads\/2016\/11\/Chambres-Deluxe-FR.png 300w, https:\/\/www.relais-saint-sulpice.com\/wp-content\/uploads\/2016\/11\/Chambres-Deluxe-FR-150x150.png 150w\" sizes=\"(max-width: 300px) 100vw, 300px\" \/>\t\t\t\t\t\t\t\t<\/a><br \/>\n\t\t\t\t\t\t\t\t\t\t\t\t\t\t\t<img width=\"300\" height=\"300\" src=\"https:\/\/www.relais-saint-sulpice.com\/wp-content\/uploads\/2021\/07\/en-famille.jpg\" alt=\"\" loading=\"lazy\" srcset=\"https:\/\/www.relais-saint-sulpice.com\/wp-content\/uploads\/2021\/07\/en-famille.jpg 300w, https:\/\/www.relais-saint-sulpice.com\/wp-content\/uploads\/2021\/07\/en-famille-150x150.jpg 150w\" sizes=\"(max-width: 300px) 100vw, 300px\" \/>\t\t\t\t\t\t\t\t\t\t\t\t\t\t\t<\/p>\n<h2>Room Directory<\/h2>\n<p style=\"text-align: center;\"><strong><em><a href=\"https:\/\/www.relais-saint-sulpice.com\/fr\/room-directory\/\" target=\"_blank\" rel=\"noopener\">D\u00e9couvrez notre Room Directory<\/a><\/em><\/strong><\/p>\n","protected":false},"excerpt":{"rendered":"<p>Un Lieu de Curiosit\u00e9 : Explorer l\u2019essence et sens du voyage ! Les propri\u00e9taires, grands voyageurs et nourris par la [&hellip;]<\/p>\n","protected":false},"author":3,"featured_media":3024,"parent":0,"menu_order":0,"comment_status":"closed","ping_status":"closed","template":"","meta":[],"_links":{"self":[{"href":"https:\/\/www.relais-saint-sulpice.com\/fr\/wp-json\/wp\/v2\/pages\/2256"}],"collection":[{"href":"https:\/\/www.relais-saint-sulpice.com\/fr\/wp-json\/wp\/v2\/pages"}],"about":[{"href":"https:\/\/www.relais-saint-sulpice.com\/fr\/wp-json\/wp\/v2\/types\/page"}],"author":[{"embeddable":true,"href":"https:\/\/www.relais-saint-sulpice.com\/fr\/wp-json\/wp\/v2\/users\/3"}],"replies":[{"embeddable":true,"href":"https:\/\/www.relais-saint-sulpice.com\/fr\/wp-json\/wp\/v2\/comments?post=2256"}],"version-history":[{"count":64,"href":"https:\/\/www.relais-saint-sulpice.com\/fr\/wp-json\/wp\/v2\/pages\/2256\/revisions"}],"predecessor-version":[{"id":4240,"href":"https:\/\/www.relais-saint-sulpice.com\/fr\/wp-json\/wp\/v2\/pages\/2256\/revisions\/4240"}],"wp:featuredmedia":[{"embeddable":true,"href":"https:\/\/www.relais-saint-sulpice.com\/fr\/wp-json\/wp\/v2\/media\/3024"}],"wp:attachment":[{"href":"https:\/\/www.relais-saint-sulpice.com\/fr\/wp-json\/wp\/v2\/media?parent=2256"}],"curies":[{"name":"wp","href":"https:\/\/api.w.org\/{rel}","templated":true}]}}