{"id":2401,"date":"2016-12-13T16:49:52","date_gmt":"2016-12-13T15:49:52","guid":{"rendered":"http:\/\/1.dev.ydyle.fr\/?page_id=2401"},"modified":"2023-02-24T10:08:58","modified_gmt":"2023-02-24T09:08:58","slug":"chambres-classiques","status":"publish","type":"page","link":"https:\/\/www.relais-saint-sulpice.com\/fr\/chambres\/chambres-classiques\/","title":{"rendered":"Chambres Classiques"},"content":{"rendered":"\t\t<div data-elementor-type=\"wp-page\" data-elementor-id=\"2401\" class=\"elementor elementor-2401\">\n\t\t\t\t\t\t<section class=\"elementor-section elementor-top-section elementor-element elementor-element-6263ea9 elementor-section-boxed elementor-section-height-default elementor-section-height-default\" data-id=\"6263ea9\" data-element_type=\"section\">\n\t\t\t\t\t\t<div class=\"elementor-container elementor-column-gap-default\">\n\t\t\t\t\t<div class=\"elementor-column elementor-col-100 elementor-top-column elementor-element elementor-element-7970b65\" data-id=\"7970b65\" data-element_type=\"column\">\n\t\t\t<div class=\"elementor-widget-wrap elementor-element-populated\">\n\t\t\t\t\t\t<div class=\"elementor-element elementor-element-75e15e4 elementor-widget elementor-widget-heading\" data-id=\"75e15e4\" data-element_type=\"widget\" data-widget_type=\"heading.default\">\n\t\t\t\t<div class=\"elementor-widget-container\">\n\t\t\t\t\t<h1 class=\"elementor-heading-title elementor-size-default\">Chambres de charmes classiques \u2013 Relais Saint Sulpice\n\n<\/h1>\t\t\t\t<\/div>\n\t\t\t\t<\/div>\n\t\t\t\t\t<\/div>\n\t\t<\/div>\n\t\t\t\t\t<\/div>\n\t\t<\/section>\n\t\t\t\t<section class=\"elementor-section elementor-top-section elementor-element elementor-element-a03199f elementor-section-boxed elementor-section-height-default elementor-section-height-default\" data-id=\"a03199f\" data-element_type=\"section\">\n\t\t\t\t\t\t<div class=\"elementor-container elementor-column-gap-default\">\n\t\t\t\t\t<div class=\"elementor-column elementor-col-100 elementor-top-column elementor-element elementor-element-544e2b0\" data-id=\"544e2b0\" data-element_type=\"column\">\n\t\t\t<div class=\"elementor-widget-wrap elementor-element-populated\">\n\t\t\t\t\t\t<div class=\"elementor-element elementor-element-f8f1ead elementor-widget elementor-widget-shortcode\" data-id=\"f8f1ead\" data-element_type=\"widget\" data-widget_type=\"shortcode.default\">\n\t\t\t\t<div class=\"elementor-widget-container\">\n\t\t\t\t\t\t\t<div class=\"elementor-shortcode\"><form id=\"ninja_forms_form_16\" enctype=\"multipart\/form-data\" action=\"#\" data-region=\"emea\" data-channelcode=\"hotelrelaissaintsulpicedirect\" class=\"ninja-forms-form  container-fluid row second_resa ibe\">\r\n\r\n\t<div id=\"ninja_forms_form_16_all_fields_wrap\" class=\"ninja-forms-all-fields-wrap\">\r\n\t\t<div class=\"ninja-forms-required-items\">Les champs marqu\u00e9s d'une <span class=\"ninja-forms-req-symbol\">*<\/span> sont obligatoires<\/div>\r\n\t\t<div class=\"field-wrap text-wrap label-above -wrap col-4-wrap\" id=\"ninja_forms_field_35_div_wrap\" data-visible=\"1\">\r\n\t\t<label for=\"ninja_forms_field_35\" id=\"ninja_forms_field_35_label\" class=\"\">Date d'arriv\u00e9e <span class=\"ninja-forms-req-symbol\"><strong>*<\/strong><\/span>\t\t\t\t<\/label>\r\n\t\t\t<input id=\"arr2\" data-mask=\"\" data-input-limit=\"\" data-input-limit-type=\"char\" data-input-limit-msg=\"character(s) left\" name=\"check_in_date\" type=\"date\" placeholder=\"\" class=\" datepicker \" value=\"\" rel=\"35\" required min=\"2026-04-14\">\r\n\t\t\t<div id=\"ninja_forms_field_35_error\" style=\"display:none;\" class=\"ninja-forms-field-error\">\r\n\t\t\t<\/div>\r\n\t\t<\/div>\r\n\t\t<div class=\"field-wrap text-wrap label-above -wrap col-4-wrap\" id=\"ninja_forms_field_36_div_wrap\" data-visible=\"1\">\r\n\t\t\t<label for=\"ninja_forms_field_36\" id=\"ninja_forms_field_36_label\" class=\"\">Nombre de nuit(s)<span class=\"ninja-forms-req-symbol\"><strong>*<\/strong><\/span>\t\t\t\t<\/label>\r\n\t\t\t<input id=\"dep2\" data-mask=\"\" data-input-limit=\"\" data-input-limit-type=\"char\" data-input-limit-msg=\"character(s) left\" name=\"number_nights\" type=\"number\" placeholder=\"\"  value=\"\" rel=\"36\"  required min=\"1\" value=\"1\">\r\n\t\t\t<div id=\"ninja_forms_field_36_error\" style=\"display:none;\" class=\"ninja-forms-field-error\">\r\n\t\t\t<\/div>\r\n\t\t<\/div>\r\n \t\t<div class=\"field-wrap list-dropdown-wrap label-above -wrap col-4-wrap\" id=\"ninja_forms_field_37_div_wrap\" data-visible=\"1\">\r\n\t\t\t<label for=\"ninja_forms_field_37\" id=\"ninja_forms_field_37_label\" class=\"\">\r\n\t\t\tPersonne(s) <span class=\"ninja-forms-req-symbol\"><strong>*<\/strong><\/span>\t\t\t\t<\/label>\r\n\t\t\t<select name=\"adu\" id=\"ninja_forms_field_37\" class=\"ninja-forms-field  ninja-forms-req  col-4\" rel=\"37\">\r\n\t\t\t<option value=\"1\" selected=\"\" style=\"\">1 Personne<\/option>\r\n\t\t\t\t<option value=\"2\" style=\"\">2 Personnes<\/option>\r\n\t\t\t<\/select>\r\n\t\t\t<\/select>\r\n\t\t\t<div id=\"ninja_forms_field_37_error\" style=\"display:none;\" class=\"ninja-forms-field-error\">\r\n\t\t\t<\/div>\r\n\t\t<\/div>\r\n\t\t\r\n\t\t\t\t\t\t<div class=\"field-wrap list-dropdown-wrap label-above -wrap col-2-wrap\" id=\"ninja_forms_field_39_div_wrap\" data-visible=\"1\">\r\n\t\t<label for=\"ninja_forms_field_39\" id=\"ninja_forms_field_39_label\" class=\"\">\r\n\t\tEnfant(s)\t\t\t\t<\/label>\r\n\t\t\t\t\t<input max=\"3\" min=\"0\" name=\"number_children\" type=\"number\" value=\"0\" class=\"col-2\"\/>\r\n\t\t<div id=\"ninja_forms_field_39_error\" style=\"display:none;\" class=\"ninja-forms-field-error\">\r\n\t\t<\/div>\r\n\t<\/div>\r\n\t<div class=\"submit_container field-wrap submit-wrap label-above -wrap col-2-wrap\" id=\"ninja_forms_field_42_div_wrap\" data-visible=\"1\">\r\n\t\t<div id=\"nf_submit_16\">\r\n\t\t\t<input type=\"submit\" name=\"_ninja_forms_field_42\" class=\"ninja-forms-field   col-2\" id=\"ninja_forms_field_42\" value=\"Trouver une chambre\" rel=\"42\">\r\n\t\t<\/div>\r\n\t\t<div id=\"nf_processing_16\" style=\"display:none;\">\r\n\t\t\t<input type=\"submit\" name=\"_ninja_forms_field_42\" class=\"ninja-forms-field   col-2\" id=\"ninja_forms_field_42\" value=\"En traitement\" rel=\"42\" disabled=\"\">\r\n\t\t<\/div>\r\n\t\t<div id=\"ninja_forms_field_42_error\" style=\"display:none;\" class=\"ninja-forms-field-error\">\r\n\t\t<\/div>\r\n\t<\/div>\r\n\t<div class=\"clearfix\"><\/div>\t<\/div>\r\n<\/form>\r\n<script>\r\njQuery( document ).ready( function () {\r\n\r\n                var d = new Date();\r\n                var res = d.toISOString().split(\"T\");                                                                                                                                             jQuery('#arr2').val(res[0]);\r\n\r\n                jQuery('#arr2').change(function() {\r\n                        var date = new Date(jQuery('#arr2').val());\r\n                        date.setDate(date.getDate() + 1);\r\n                        var res = date.toISOString().split(\"T\");\r\n                        jQuery('#dep2').val(res[0]);\r\n                });\r\n\r\n});\r\n<\/script>\r\n<\/div>\n\t\t\t\t\t\t<\/div>\n\t\t\t\t<\/div>\n\t\t\t\t\t<\/div>\n\t\t<\/div>\n\t\t\t\t\t<\/div>\n\t\t<\/section>\n\t\t\t\t<section class=\"elementor-section elementor-top-section elementor-element elementor-element-60a630b elementor-section-boxed elementor-section-height-default elementor-section-height-default\" data-id=\"60a630b\" data-element_type=\"section\">\n\t\t\t\t\t\t<div class=\"elementor-container elementor-column-gap-default\">\n\t\t\t\t\t<div class=\"elementor-column elementor-col-100 elementor-top-column elementor-element elementor-element-0d6f0b2\" data-id=\"0d6f0b2\" data-element_type=\"column\">\n\t\t\t<div class=\"elementor-widget-wrap elementor-element-populated\">\n\t\t\t\t\t\t<div class=\"elementor-element elementor-element-d08eb50 elementor-widget elementor-widget-heading\" data-id=\"d08eb50\" data-element_type=\"widget\" data-widget_type=\"heading.default\">\n\t\t\t\t<div class=\"elementor-widget-container\">\n\t\t\t\t\t<h2 class=\"elementor-heading-title elementor-size-default\">Les chambres \u00ab classiques \u00bb de l\u2019h\u00f4tel Relais Saint Sulpice\n<\/h2>\t\t\t\t<\/div>\n\t\t\t\t<\/div>\n\t\t\t\t\t<\/div>\n\t\t<\/div>\n\t\t\t\t\t<\/div>\n\t\t<\/section>\n\t\t\t\t<section class=\"elementor-section elementor-top-section elementor-element elementor-element-f04954f elementor-section-boxed elementor-section-height-default elementor-section-height-default\" data-id=\"f04954f\" data-element_type=\"section\">\n\t\t\t\t\t\t<div class=\"elementor-container elementor-column-gap-default\">\n\t\t\t\t\t<div class=\"elementor-column elementor-col-33 elementor-top-column elementor-element elementor-element-8f09835\" data-id=\"8f09835\" data-element_type=\"column\">\n\t\t\t<div class=\"elementor-widget-wrap elementor-element-populated\">\n\t\t\t\t\t\t<div class=\"elementor-element elementor-element-e9d23bf elementor-widget elementor-widget-image\" data-id=\"e9d23bf\" data-element_type=\"widget\" data-widget_type=\"image.default\">\n\t\t\t\t<div class=\"elementor-widget-container\">\n\t\t\t\t\t\t\t\t\t\t\t\t\t\t\t<img fetchpriority=\"high\" decoding=\"async\" width=\"750\" height=\"500\" src=\"https:\/\/www.relais-saint-sulpice.com\/wp-content\/uploads\/2021\/07\/chambre-classique-5-1024x682.jpg\" class=\"attachment-large size-large wp-image-3951\" alt=\"\" srcset=\"https:\/\/www.relais-saint-sulpice.com\/wp-content\/uploads\/2021\/07\/chambre-classique-5-1024x682.jpg 1024w, https:\/\/www.relais-saint-sulpice.com\/wp-content\/uploads\/2021\/07\/chambre-classique-5-300x200.jpg 300w, https:\/\/www.relais-saint-sulpice.com\/wp-content\/uploads\/2021\/07\/chambre-classique-5-768x512.jpg 768w, https:\/\/www.relais-saint-sulpice.com\/wp-content\/uploads\/2021\/07\/chambre-classique-5-1536x1024.jpg 1536w, https:\/\/www.relais-saint-sulpice.com\/wp-content\/uploads\/2021\/07\/chambre-classique-5.jpg 2000w\" sizes=\"(max-width: 750px) 100vw, 750px\" \/>\t\t\t\t\t\t\t\t\t\t\t\t\t\t\t<\/div>\n\t\t\t\t<\/div>\n\t\t\t\t\t<\/div>\n\t\t<\/div>\n\t\t\t\t<div class=\"elementor-column elementor-col-33 elementor-top-column elementor-element elementor-element-648f223\" data-id=\"648f223\" data-element_type=\"column\">\n\t\t\t<div class=\"elementor-widget-wrap elementor-element-populated\">\n\t\t\t\t\t\t<div class=\"elementor-element elementor-element-7e8f9bb elementor-widget elementor-widget-image\" data-id=\"7e8f9bb\" data-element_type=\"widget\" data-widget_type=\"image.default\">\n\t\t\t\t<div class=\"elementor-widget-container\">\n\t\t\t\t\t\t\t\t\t\t\t\t\t\t\t<img decoding=\"async\" width=\"750\" height=\"500\" src=\"https:\/\/www.relais-saint-sulpice.com\/wp-content\/uploads\/2021\/07\/chambre-classique-6-1024x682.jpg\" class=\"attachment-large size-large wp-image-3952\" alt=\"\" srcset=\"https:\/\/www.relais-saint-sulpice.com\/wp-content\/uploads\/2021\/07\/chambre-classique-6-1024x682.jpg 1024w, https:\/\/www.relais-saint-sulpice.com\/wp-content\/uploads\/2021\/07\/chambre-classique-6-300x200.jpg 300w, https:\/\/www.relais-saint-sulpice.com\/wp-content\/uploads\/2021\/07\/chambre-classique-6-768x512.jpg 768w, https:\/\/www.relais-saint-sulpice.com\/wp-content\/uploads\/2021\/07\/chambre-classique-6-1536x1024.jpg 1536w, https:\/\/www.relais-saint-sulpice.com\/wp-content\/uploads\/2021\/07\/chambre-classique-6.jpg 2000w\" sizes=\"(max-width: 750px) 100vw, 750px\" \/>\t\t\t\t\t\t\t\t\t\t\t\t\t\t\t<\/div>\n\t\t\t\t<\/div>\n\t\t\t\t\t<\/div>\n\t\t<\/div>\n\t\t\t\t<div class=\"elementor-column elementor-col-33 elementor-top-column elementor-element elementor-element-aac5e48\" data-id=\"aac5e48\" data-element_type=\"column\">\n\t\t\t<div class=\"elementor-widget-wrap elementor-element-populated\">\n\t\t\t\t\t\t<div class=\"elementor-element elementor-element-9d7c327 elementor-widget elementor-widget-image\" data-id=\"9d7c327\" data-element_type=\"widget\" data-widget_type=\"image.default\">\n\t\t\t\t<div class=\"elementor-widget-container\">\n\t\t\t\t\t\t\t\t\t\t\t\t\t\t\t<img decoding=\"async\" width=\"750\" height=\"500\" src=\"https:\/\/www.relais-saint-sulpice.com\/wp-content\/uploads\/2021\/07\/chambre-classique-1-1024x682.jpg\" class=\"attachment-large size-large wp-image-3953\" alt=\"\" srcset=\"https:\/\/www.relais-saint-sulpice.com\/wp-content\/uploads\/2021\/07\/chambre-classique-1-1024x682.jpg 1024w, https:\/\/www.relais-saint-sulpice.com\/wp-content\/uploads\/2021\/07\/chambre-classique-1-300x200.jpg 300w, https:\/\/www.relais-saint-sulpice.com\/wp-content\/uploads\/2021\/07\/chambre-classique-1-768x512.jpg 768w, https:\/\/www.relais-saint-sulpice.com\/wp-content\/uploads\/2021\/07\/chambre-classique-1-1536x1024.jpg 1536w, https:\/\/www.relais-saint-sulpice.com\/wp-content\/uploads\/2021\/07\/chambre-classique-1.jpg 2000w\" sizes=\"(max-width: 750px) 100vw, 750px\" \/>\t\t\t\t\t\t\t\t\t\t\t\t\t\t\t<\/div>\n\t\t\t\t<\/div>\n\t\t\t\t\t<\/div>\n\t\t<\/div>\n\t\t\t\t\t<\/div>\n\t\t<\/section>\n\t\t\t\t<section class=\"elementor-section elementor-top-section elementor-element elementor-element-132c09b elementor-section-boxed elementor-section-height-default elementor-section-height-default\" data-id=\"132c09b\" data-element_type=\"section\">\n\t\t\t\t\t\t<div class=\"elementor-container elementor-column-gap-default\">\n\t\t\t\t\t<div class=\"elementor-column elementor-col-33 elementor-top-column elementor-element elementor-element-d50f1ad\" data-id=\"d50f1ad\" data-element_type=\"column\">\n\t\t\t<div class=\"elementor-widget-wrap elementor-element-populated\">\n\t\t\t\t\t\t<div class=\"elementor-element elementor-element-aad8611 elementor-widget elementor-widget-image\" data-id=\"aad8611\" data-element_type=\"widget\" data-widget_type=\"image.default\">\n\t\t\t\t<div class=\"elementor-widget-container\">\n\t\t\t\t\t\t\t\t\t\t\t\t\t\t\t<img loading=\"lazy\" decoding=\"async\" width=\"750\" height=\"500\" src=\"https:\/\/www.relais-saint-sulpice.com\/wp-content\/uploads\/2021\/07\/chambre-classique-2-1024x682.jpg\" class=\"attachment-large size-large wp-image-3954\" alt=\"\" srcset=\"https:\/\/www.relais-saint-sulpice.com\/wp-content\/uploads\/2021\/07\/chambre-classique-2-1024x682.jpg 1024w, https:\/\/www.relais-saint-sulpice.com\/wp-content\/uploads\/2021\/07\/chambre-classique-2-300x200.jpg 300w, https:\/\/www.relais-saint-sulpice.com\/wp-content\/uploads\/2021\/07\/chambre-classique-2-768x512.jpg 768w, https:\/\/www.relais-saint-sulpice.com\/wp-content\/uploads\/2021\/07\/chambre-classique-2-1536x1024.jpg 1536w, https:\/\/www.relais-saint-sulpice.com\/wp-content\/uploads\/2021\/07\/chambre-classique-2.jpg 2000w\" sizes=\"(max-width: 750px) 100vw, 750px\" \/>\t\t\t\t\t\t\t\t\t\t\t\t\t\t\t<\/div>\n\t\t\t\t<\/div>\n\t\t\t\t\t<\/div>\n\t\t<\/div>\n\t\t\t\t<div class=\"elementor-column elementor-col-33 elementor-top-column elementor-element elementor-element-3fee41f\" data-id=\"3fee41f\" data-element_type=\"column\">\n\t\t\t<div class=\"elementor-widget-wrap elementor-element-populated\">\n\t\t\t\t\t\t<div class=\"elementor-element elementor-element-7c440b2 elementor-widget elementor-widget-image\" data-id=\"7c440b2\" data-element_type=\"widget\" data-widget_type=\"image.default\">\n\t\t\t\t<div class=\"elementor-widget-container\">\n\t\t\t\t\t\t\t\t\t\t\t\t\t\t\t<img loading=\"lazy\" decoding=\"async\" width=\"750\" height=\"500\" src=\"https:\/\/www.relais-saint-sulpice.com\/wp-content\/uploads\/2021\/07\/chambre-classique-4-1024x682.jpg\" class=\"attachment-large size-large wp-image-3956\" alt=\"\" srcset=\"https:\/\/www.relais-saint-sulpice.com\/wp-content\/uploads\/2021\/07\/chambre-classique-4-1024x682.jpg 1024w, https:\/\/www.relais-saint-sulpice.com\/wp-content\/uploads\/2021\/07\/chambre-classique-4-300x200.jpg 300w, https:\/\/www.relais-saint-sulpice.com\/wp-content\/uploads\/2021\/07\/chambre-classique-4-768x512.jpg 768w, https:\/\/www.relais-saint-sulpice.com\/wp-content\/uploads\/2021\/07\/chambre-classique-4-1536x1024.jpg 1536w, https:\/\/www.relais-saint-sulpice.com\/wp-content\/uploads\/2021\/07\/chambre-classique-4.jpg 2000w\" sizes=\"(max-width: 750px) 100vw, 750px\" \/>\t\t\t\t\t\t\t\t\t\t\t\t\t\t\t<\/div>\n\t\t\t\t<\/div>\n\t\t\t\t\t<\/div>\n\t\t<\/div>\n\t\t\t\t<div class=\"elementor-column elementor-col-33 elementor-top-column elementor-element elementor-element-2acea98\" data-id=\"2acea98\" data-element_type=\"column\">\n\t\t\t<div class=\"elementor-widget-wrap elementor-element-populated\">\n\t\t\t\t\t\t<div class=\"elementor-element elementor-element-c5b021a elementor-widget elementor-widget-image\" data-id=\"c5b021a\" data-element_type=\"widget\" data-widget_type=\"image.default\">\n\t\t\t\t<div class=\"elementor-widget-container\">\n\t\t\t\t\t\t\t\t\t\t\t\t\t\t\t<img loading=\"lazy\" decoding=\"async\" width=\"750\" height=\"500\" src=\"https:\/\/www.relais-saint-sulpice.com\/wp-content\/uploads\/2021\/07\/chambre-classique-3-1024x682.jpg\" class=\"attachment-large size-large wp-image-3955\" alt=\"\" srcset=\"https:\/\/www.relais-saint-sulpice.com\/wp-content\/uploads\/2021\/07\/chambre-classique-3-1024x682.jpg 1024w, https:\/\/www.relais-saint-sulpice.com\/wp-content\/uploads\/2021\/07\/chambre-classique-3-300x200.jpg 300w, https:\/\/www.relais-saint-sulpice.com\/wp-content\/uploads\/2021\/07\/chambre-classique-3-768x512.jpg 768w, https:\/\/www.relais-saint-sulpice.com\/wp-content\/uploads\/2021\/07\/chambre-classique-3-1536x1024.jpg 1536w, https:\/\/www.relais-saint-sulpice.com\/wp-content\/uploads\/2021\/07\/chambre-classique-3.jpg 2000w\" sizes=\"(max-width: 750px) 100vw, 750px\" \/>\t\t\t\t\t\t\t\t\t\t\t\t\t\t\t<\/div>\n\t\t\t\t<\/div>\n\t\t\t\t\t<\/div>\n\t\t<\/div>\n\t\t\t\t\t<\/div>\n\t\t<\/section>\n\t\t\t\t<section class=\"elementor-section elementor-top-section elementor-element elementor-element-9879f4d elementor-section-boxed elementor-section-height-default elementor-section-height-default\" data-id=\"9879f4d\" data-element_type=\"section\">\n\t\t\t\t\t\t<div class=\"elementor-container elementor-column-gap-default\">\n\t\t\t\t\t<div class=\"elementor-column elementor-col-100 elementor-top-column elementor-element elementor-element-b69c890\" data-id=\"b69c890\" data-element_type=\"column\">\n\t\t\t<div class=\"elementor-widget-wrap elementor-element-populated\">\n\t\t\t\t\t\t<div class=\"elementor-element elementor-element-29530a0 elementor-widget elementor-widget-text-editor\" data-id=\"29530a0\" data-element_type=\"widget\" data-widget_type=\"text-editor.default\">\n\t\t\t\t<div class=\"elementor-widget-container\">\n\t\t\t\t\t\t\t\t\t<p>L\u2019H\u00f4tel Relais Saint-Sulpice au c\u0153ur du VI\u00e8me arrondissement, propose 14 chambres classiques r\u00e9parties sur 3 niveaux. Les chambres classiques donnent toutes sur le patio de l&rsquo;h\u00f4tel except\u00e9 2 qui offrent un vue imprenable sur de ces chambres donnent sur le chevet de l\u2019Eglise Saint-Sulpice.<\/p>\t\t\t\t\t\t\t\t<\/div>\n\t\t\t\t<\/div>\n\t\t\t\t\t<\/div>\n\t\t<\/div>\n\t\t\t\t\t<\/div>\n\t\t<\/section>\n\t\t\t\t<section class=\"elementor-section elementor-top-section elementor-element elementor-element-bc4f776 elementor-section-boxed elementor-section-height-default elementor-section-height-default\" data-id=\"bc4f776\" data-element_type=\"section\">\n\t\t\t\t\t\t<div class=\"elementor-container elementor-column-gap-default\">\n\t\t\t\t\t<div class=\"elementor-column elementor-col-100 elementor-top-column elementor-element elementor-element-a0543b3\" data-id=\"a0543b3\" data-element_type=\"column\">\n\t\t\t<div class=\"elementor-widget-wrap elementor-element-populated\">\n\t\t\t\t\t\t<div class=\"elementor-element elementor-element-0fb67c2 elementor-widget elementor-widget-html\" data-id=\"0fb67c2\" data-element_type=\"widget\" data-widget_type=\"html.default\">\n\t\t\t\t<div class=\"elementor-widget-container\">\n\t\t\t\t\t<div class=\"amenities full\">\r\n<div class=\"row\">\r\n<div class=\"col-lg-2 col-md-3 col-xs-6\"><span class=\"hotel-icon-047 hi-2x color-primary\" title=\"\" data-toggle=\"tooltip\" data-original-title=\"\">\u00a0<\/span> <span class=\"center-block color-h1\">Acc\u00e8s WiFi gratuit<\/span><\/div>\r\n<div class=\"col-lg-2 col-md-3 col-xs-6\"><span class=\"hotel-icon-117 hi-2x color-primary\" title=\"\" data-toggle=\"tooltip\" data-original-title=\"\">\u00a0<\/span> <span class=\"center-block color-h1\">Air conditionn\u00e9<\/span><\/div>\r\n<div class=\"col-lg-2 col-md-3 col-xs-6\"><span class=\"hotel-icon-008 hi-2x color-primary\" title=\"\" data-toggle=\"tooltip\" data-original-title=\"\">\u00a0<\/span> <span class=\"center-block color-h1\">Combin\u00e9 baignoire douche<\/span><\/div>\r\n<div class=\"col-lg-2 col-md-3 col-xs-6\"><span class=\"hotel-icon-032 hi-2x color-primary\" title=\"\" data-toggle=\"tooltip\" data-original-title=\"\">\u00a0<\/span> <span class=\"center-block color-h1\">S\u00e8che-Cheveux et s\u00e8che serviette<\/span><\/div>\r\n<div class=\"col-lg-2 col-md-3 col-xs-6\"><span class=\"hotel-icon-154 hi-2x color-primary\" title=\"\" data-toggle=\"tooltip\" data-original-title=\"\">\u00a0<\/span> <span class=\"center-block color-h1\">Bouteille d'eau offerte le jour de l'arriv\u00e9e<\/span><\/div>\r\n<div class=\"col-lg-2 col-md-3 col-xs-6\"><span class=\"hotel-icon-086 hi-2x color-primary\" title=\"\" data-toggle=\"tooltip\" data-original-title=\"\">\u00a0<\/span> <span class=\"center-block color-h1\">Bureau<\/span><\/div>\r\n<div class=\"col-lg-2 col-md-3 col-xs-6\"><span class=\"hotel-icon-028 hi-2x color-primary\" title=\"\" data-toggle=\"tooltip\" data-original-title=\"\">\u00a0<\/span> <span class=\"center-block color-h1\">Coffre fort individuel<\/span><\/div>\r\n<div class=\"col-lg-2 col-md-3 col-xs-6\"><span class=\"hotel-icon-007 hi-2x color-primary\" title=\"\" data-toggle=\"tooltip\" data-original-title=\"\">\u00a0<\/span> <span class=\"center-block color-h1\">Double vitrage<\/span><\/div>\r\n<div class=\"col-lg-2 col-md-3 col-xs-6\"><span class=\"hotel-icon-010 hi-2x color-primary\" title=\"\" data-toggle=\"tooltip\" data-original-title=\"\">\u00a0<\/span> <span class=\"center-block color-h1\">T\u00e9l\u00e9phone<\/span><\/div>\r\n<div class=\"col-lg-2 col-md-3 col-xs-6\"><span class=\"hotel-icon-013 hi-2x color-primary\" title=\"\" data-toggle=\"tooltip\" data-original-title=\"\">\u00a0<\/span> <span class=\"center-block color-h1\">T\u00e9l\u00e9 \u00e9cran plat avec cha\u00eenes internationales<\/span><\/div>\r\n<div class=\"col-lg-2 col-md-3 col-xs-6\"><span class=\"hotel-icon-170 hi-2x color-primary\" title=\"\" data-toggle=\"tooltip\" data-original-title=\"\">\u00a0<\/span> <span class=\"center-block color-h1\">Produits d'accueil<\/span><\/div>\r\n<div class=\"col-lg-2 col-md-3 col-xs-6\"><span class=\"hotel-icon-125 hi-2x color-primary\" title=\"\" data-toggle=\"tooltip\" data-original-title=\"\">\u00a0<\/span> <span class=\"center-block color-h1\">Lit Double (140 ou 160*200) - <em>Lits Jumeaux disponibles sur demande<\/em><\/span><\/div>\r\n<\/div>\r\n<\/div>\t\t\t\t<\/div>\n\t\t\t\t<\/div>\n\t\t\t\t\t<\/div>\n\t\t<\/div>\n\t\t\t\t\t<\/div>\n\t\t<\/section>\n\t\t\t\t<section class=\"elementor-section elementor-top-section elementor-element elementor-element-e2a441a elementor-section-boxed elementor-section-height-default elementor-section-height-default\" data-id=\"e2a441a\" data-element_type=\"section\">\n\t\t\t\t\t\t<div class=\"elementor-container elementor-column-gap-default\">\n\t\t\t\t\t<div class=\"elementor-column elementor-col-100 elementor-top-column elementor-element elementor-element-9e466a9\" data-id=\"9e466a9\" data-element_type=\"column\">\n\t\t\t<div class=\"elementor-widget-wrap elementor-element-populated\">\n\t\t\t\t\t\t<div class=\"elementor-element elementor-element-19d907b elementor-widget elementor-widget-heading\" data-id=\"19d907b\" data-element_type=\"widget\" data-widget_type=\"heading.default\">\n\t\t\t\t<div class=\"elementor-widget-container\">\n\t\t\t\t\t<h2 class=\"elementor-heading-title elementor-size-default\">Room Directory<\/h2>\t\t\t\t<\/div>\n\t\t\t\t<\/div>\n\t\t\t\t\t<\/div>\n\t\t<\/div>\n\t\t\t\t\t<\/div>\n\t\t<\/section>\n\t\t\t\t<section class=\"elementor-section elementor-top-section elementor-element elementor-element-0bec049 elementor-section-boxed elementor-section-height-default elementor-section-height-default\" data-id=\"0bec049\" data-element_type=\"section\">\n\t\t\t\t\t\t<div class=\"elementor-container elementor-column-gap-default\">\n\t\t\t\t\t<div class=\"elementor-column elementor-col-100 elementor-top-column elementor-element elementor-element-ce402bb\" data-id=\"ce402bb\" data-element_type=\"column\">\n\t\t\t<div class=\"elementor-widget-wrap elementor-element-populated\">\n\t\t\t\t\t\t<div class=\"elementor-element elementor-element-b75d418 elementor-widget elementor-widget-text-editor\" data-id=\"b75d418\" data-element_type=\"widget\" data-widget_type=\"text-editor.default\">\n\t\t\t\t<div class=\"elementor-widget-container\">\n\t\t\t\t\t\t\t\t\t<p style=\"text-align: center;\"><strong><em><a href=\"https:\/\/www.relais-saint-sulpice.com\/fr\/room-directory\/\" target=\"_blank\" rel=\"noopener\">D\u00e9couvrez notre Room Directory<\/a><\/em><\/strong><\/p>\t\t\t\t\t\t\t\t<\/div>\n\t\t\t\t<\/div>\n\t\t\t\t\t<\/div>\n\t\t<\/div>\n\t\t\t\t\t<\/div>\n\t\t<\/section>\n\t\t\t\t<\/div>\n\t\t","protected":false},"excerpt":{"rendered":"<p>Chambres de charmes classiques \u2013 Relais Saint Sulpice Les chambres \u00ab classiques \u00bb de l\u2019h\u00f4tel Relais Saint Sulpice L\u2019H\u00f4tel Relais [&hellip;]<\/p>\n","protected":false},"author":3,"featured_media":3024,"parent":2256,"menu_order":0,"comment_status":"closed","ping_status":"closed","template":"","meta":{"footnotes":""},"class_list":["post-2401","page","type-page","status-publish","has-post-thumbnail","hentry"],"_links":{"self":[{"href":"https:\/\/www.relais-saint-sulpice.com\/fr\/wp-json\/wp\/v2\/pages\/2401","targetHints":{"allow":["GET"]}}],"collection":[{"href":"https:\/\/www.relais-saint-sulpice.com\/fr\/wp-json\/wp\/v2\/pages"}],"about":[{"href":"https:\/\/www.relais-saint-sulpice.com\/fr\/wp-json\/wp\/v2\/types\/page"}],"author":[{"embeddable":true,"href":"https:\/\/www.relais-saint-sulpice.com\/fr\/wp-json\/wp\/v2\/users\/3"}],"replies":[{"embeddable":true,"href":"https:\/\/www.relais-saint-sulpice.com\/fr\/wp-json\/wp\/v2\/comments?post=2401"}],"version-history":[{"count":29,"href":"https:\/\/www.relais-saint-sulpice.com\/fr\/wp-json\/wp\/v2\/pages\/2401\/revisions"}],"predecessor-version":[{"id":4233,"href":"https:\/\/www.relais-saint-sulpice.com\/fr\/wp-json\/wp\/v2\/pages\/2401\/revisions\/4233"}],"up":[{"embeddable":true,"href":"https:\/\/www.relais-saint-sulpice.com\/fr\/wp-json\/wp\/v2\/pages\/2256"}],"wp:featuredmedia":[{"embeddable":true,"href":"https:\/\/www.relais-saint-sulpice.com\/fr\/wp-json\/wp\/v2\/media\/3024"}],"wp:attachment":[{"href":"https:\/\/www.relais-saint-sulpice.com\/fr\/wp-json\/wp\/v2\/media?parent=2401"}],"curies":[{"name":"wp","href":"https:\/\/api.w.org\/{rel}","templated":true}]}}