{"id":2406,"date":"2016-12-13T16:51:39","date_gmt":"2016-12-13T15:51:39","guid":{"rendered":"http:\/\/1.dev.ydyle.fr\/?page_id=2406"},"modified":"2023-02-24T10:10:16","modified_gmt":"2023-02-24T09:10:16","slug":"chambres-deluxe","status":"publish","type":"page","link":"https:\/\/www.relais-saint-sulpice.com\/fr\/chambres\/chambres-deluxe\/","title":{"rendered":"Chambres Deluxe"},"content":{"rendered":"[vc_row][vc_column][vc_column_text]\n<div class=\"chambres\">\n<div class=\"center\">\n<h1 class=\"special_kunstler\" style=\"text-align: center;\">Chambres de\u00a0<span class=\"garamond\">charme deluxe\u00a0&#8211;<\/span>\u00a0Relais Saint Sulpice<\/h1>\n<\/div>\n<form id=\"ninja_forms_form_16\" enctype=\"multipart\/form-data\" action=\"#\" data-region=\"emea\" data-channelcode=\"hotelrelaissaintsulpicedirect\" class=\"ninja-forms-form  container-fluid row second_resa ibe\">\r\n\r\n\t<div id=\"ninja_forms_form_16_all_fields_wrap\" class=\"ninja-forms-all-fields-wrap\">\r\n\t\t<div class=\"ninja-forms-required-items\">Les champs marqu\u00e9s d'une <span class=\"ninja-forms-req-symbol\">*<\/span> sont obligatoires<\/div>\r\n\t\t<div class=\"field-wrap text-wrap label-above -wrap col-4-wrap\" id=\"ninja_forms_field_35_div_wrap\" data-visible=\"1\">\r\n\t\t<label for=\"ninja_forms_field_35\" id=\"ninja_forms_field_35_label\" class=\"\">Date d'arriv\u00e9e <span class=\"ninja-forms-req-symbol\"><strong>*<\/strong><\/span>\t\t\t\t<\/label>\r\n\t\t\t<input id=\"arr2\" data-mask=\"\" data-input-limit=\"\" data-input-limit-type=\"char\" data-input-limit-msg=\"character(s) left\" name=\"check_in_date\" type=\"date\" placeholder=\"\" class=\" datepicker \" value=\"\" rel=\"35\" required min=\"2026-04-28\">\r\n\t\t\t<div id=\"ninja_forms_field_35_error\" style=\"display:none;\" class=\"ninja-forms-field-error\">\r\n\t\t\t<\/div>\r\n\t\t<\/div>\r\n\t\t<div class=\"field-wrap text-wrap label-above -wrap col-4-wrap\" id=\"ninja_forms_field_36_div_wrap\" data-visible=\"1\">\r\n\t\t\t<label for=\"ninja_forms_field_36\" id=\"ninja_forms_field_36_label\" class=\"\">Nombre de nuit(s)<span class=\"ninja-forms-req-symbol\"><strong>*<\/strong><\/span>\t\t\t\t<\/label>\r\n\t\t\t<input id=\"dep2\" data-mask=\"\" data-input-limit=\"\" data-input-limit-type=\"char\" data-input-limit-msg=\"character(s) left\" name=\"number_nights\" type=\"number\" placeholder=\"\"  value=\"\" rel=\"36\"  required min=\"1\" value=\"1\">\r\n\t\t\t<div id=\"ninja_forms_field_36_error\" style=\"display:none;\" class=\"ninja-forms-field-error\">\r\n\t\t\t<\/div>\r\n\t\t<\/div>\r\n \t\t<div class=\"field-wrap list-dropdown-wrap label-above -wrap col-4-wrap\" id=\"ninja_forms_field_37_div_wrap\" data-visible=\"1\">\r\n\t\t\t<label for=\"ninja_forms_field_37\" id=\"ninja_forms_field_37_label\" class=\"\">\r\n\t\t\tPersonne(s) <span class=\"ninja-forms-req-symbol\"><strong>*<\/strong><\/span>\t\t\t\t<\/label>\r\n\t\t\t<select name=\"adu\" id=\"ninja_forms_field_37\" class=\"ninja-forms-field  ninja-forms-req  col-4\" rel=\"37\">\r\n\t\t\t<option value=\"1\" selected=\"\" style=\"\">1 Personne<\/option>\r\n\t\t\t\t<option value=\"2\" style=\"\">2 Personnes<\/option>\r\n\t\t\t<\/select>\r\n\t\t\t<\/select>\r\n\t\t\t<div id=\"ninja_forms_field_37_error\" style=\"display:none;\" class=\"ninja-forms-field-error\">\r\n\t\t\t<\/div>\r\n\t\t<\/div>\r\n\t\t\r\n\t\t\t\t\t\t<div class=\"field-wrap list-dropdown-wrap label-above -wrap col-2-wrap\" id=\"ninja_forms_field_39_div_wrap\" data-visible=\"1\">\r\n\t\t<label for=\"ninja_forms_field_39\" id=\"ninja_forms_field_39_label\" class=\"\">\r\n\t\tEnfant(s)\t\t\t\t<\/label>\r\n\t\t\t\t\t<input max=\"3\" min=\"0\" name=\"number_children\" type=\"number\" value=\"0\" class=\"col-2\"\/>\r\n\t\t<div id=\"ninja_forms_field_39_error\" style=\"display:none;\" class=\"ninja-forms-field-error\">\r\n\t\t<\/div>\r\n\t<\/div>\r\n\t<div class=\"submit_container field-wrap submit-wrap label-above -wrap col-2-wrap\" id=\"ninja_forms_field_42_div_wrap\" data-visible=\"1\">\r\n\t\t<div id=\"nf_submit_16\">\r\n\t\t\t<input type=\"submit\" name=\"_ninja_forms_field_42\" class=\"ninja-forms-field   col-2\" id=\"ninja_forms_field_42\" value=\"Trouver une chambre\" rel=\"42\">\r\n\t\t<\/div>\r\n\t\t<div id=\"nf_processing_16\" style=\"display:none;\">\r\n\t\t\t<input type=\"submit\" name=\"_ninja_forms_field_42\" class=\"ninja-forms-field   col-2\" id=\"ninja_forms_field_42\" value=\"En traitement\" rel=\"42\" disabled=\"\">\r\n\t\t<\/div>\r\n\t\t<div id=\"ninja_forms_field_42_error\" style=\"display:none;\" class=\"ninja-forms-field-error\">\r\n\t\t<\/div>\r\n\t<\/div>\r\n\t<div class=\"clearfix\"><\/div>\t<\/div>\r\n<\/form>\r\n<script>\r\njQuery( document ).ready( function () {\r\n\r\n                var d = new Date();\r\n                var res = d.toISOString().split(\"T\");                                                                                                                                             jQuery('#arr2').val(res[0]);\r\n\r\n                jQuery('#arr2').change(function() {\r\n                        var date = new Date(jQuery('#arr2').val());\r\n                        date.setDate(date.getDate() + 1);\r\n                        var res = date.toISOString().split(\"T\");\r\n                        jQuery('#dep2').val(res[0]);\r\n                });\r\n\r\n});\r\n<\/script>\r\n\n<div class=\"center\">\n<h2 id=\"deluxe\" class=\"special_kunstler\">Les chambres deluxe\u00a0<span class=\"garamond\">de l&rsquo;h\u00f4tel de charme <\/span>Relais Saint Sulpice<\/h2>\n<\/div>\n<\/div>\n[\/vc_column_text][\/vc_column][\/vc_row][vc_row][vc_column][vc_gallery images=\u00a0\u00bb3078,3079,3075,3077,3076&Prime; columns=\u00a0\u00bb5&Prime;][vc_column_text]\n<div class=\"chambres\">\n<p class=\"main_content\" style=\"text-align: center;\">L\u2019h\u00f4tel Relais Saint Sulpice vous propose <strong>huit chambres Deluxe<\/strong>. Ces chambres donnent soit sur le patio de l\u2019h\u00f4tel soit sur le chevet de l\u2019Eglise Saint Sulpice.<\/p>\n<p class=\"main_content\" style=\"text-align: center;\"><strong>C\u00f4t\u00e9 Patio<\/strong>, un long couloir privatif offre des alc\u00f4ves cr\u00e9atives vers une chambre refuge, pleine de s\u00e9r\u00e9nit\u00e9, dans la verdure de la cour int\u00e9rieure.<\/p>\n<p class=\"main_content\" style=\"text-align: center;\"><strong>C\u00f4t\u00e9 Saint-Sulpice<\/strong>, un large vestibule laisse apercevoir la beaut\u00e9 du chevet de l\u2019\u00e9glise. La chambre en communion avec les arrondis de pierre et d\u2019ardoise procure qui\u00e9tude et pl\u00e9nitude, baptis\u00e9es dans l\u2019esth\u00e9tique de l\u2019\u00e9glise.<\/p>\n<p class=\"main_content\" style=\"text-align: center;\">Quatre d\u2019entre elles sont avec <strong>un grand lit (140 ou 180 x 200)<\/strong> et les <strong>quatre autres avec deux lits jumeaux (2 x 90 x 200 cm)<\/strong>. La superficie moyenne de ces chambres est de <strong>25 m\u00b2<\/strong> en moyenne. Id\u00e9ales pour les longs s\u00e9jours mais \u00e9galement pour les couples en weekends, ces chambres deluxe peuvent \u00e9galement se transformer en chambre familiale pour 3 personnes (sur demande uniquement).<br \/>\nToutes les salles de bain sont \u00e9quip\u00e9es de baignoire, s\u00e8che-serviette et miroir grossissant avec R\u00e9tro-\u00e9clairage.<\/p>\n<div class=\"amenities full\">\n<div class=\"row\">\n<div class=\"col-lg-2 col-md-3 col-xs-6\"><span class=\"hotel-icon-047 hi-2x color-primary\" title=\"\" data-toggle=\"tooltip\" data-original-title=\"\">\u00a0<\/span> <span class=\"center-block color-h1\">Acc\u00e8s WiFi gratuit<\/span><\/div>\n<div class=\"col-lg-2 col-md-3 col-xs-6\"><span class=\"hotel-icon-117 hi-2x color-primary\" title=\"\" data-toggle=\"tooltip\" data-original-title=\"\">\u00a0<\/span> <span class=\"center-block color-h1\">Air conditionn\u00e9<\/span><\/div>\n<div class=\"col-lg-2 col-md-3 col-xs-6\"><span class=\"hotel-icon-008 hi-2x color-primary\" title=\"\" data-toggle=\"tooltip\" data-original-title=\"\">\u00a0<\/span> <span class=\"center-block color-h1\">Combin\u00e9 baignoire douche<\/span><\/div>\n<div class=\"col-lg-2 col-md-3 col-xs-6\"><span class=\"hotel-icon-032 hi-2x color-primary\" title=\"\" data-toggle=\"tooltip\" data-original-title=\"\">\u00a0<\/span> <span class=\"center-block color-h1\">S\u00e8che-Cheveux et s\u00e8che serviette<\/span><\/div>\n<div class=\"col-lg-2 col-md-3 col-xs-6\"><span class=\"hotel-icon-154 hi-2x color-primary\" title=\"\" data-toggle=\"tooltip\" data-original-title=\"\">\u00a0<\/span> <span class=\"center-block color-h1\">Bouteille d&rsquo;eau offerte le jour de l&rsquo;arriv\u00e9e<\/span><\/div>\n<div class=\"col-lg-2 col-md-3 col-xs-6\"><span class=\"hotel-icon-086 hi-2x color-primary\" title=\"\" data-toggle=\"tooltip\" data-original-title=\"\">\u00a0<\/span> <span class=\"center-block color-h1\">Bureau<\/span><\/div>\n<div class=\"col-lg-2 col-md-3 col-xs-6\"><span class=\"hotel-icon-028 hi-2x color-primary\" title=\"\" data-toggle=\"tooltip\" data-original-title=\"\">\u00a0<\/span> <span class=\"center-block color-h1\">Coffre fort individuel<\/span><\/div>\n<div class=\"col-lg-2 col-md-3 col-xs-6\"><span class=\"hotel-icon-007 hi-2x color-primary\" title=\"\" data-toggle=\"tooltip\" data-original-title=\"\">\u00a0<\/span> <span class=\"center-block color-h1\">Double vitrage<\/span><\/div>\n<div class=\"col-lg-2 col-md-3 col-xs-6\"><span class=\"hotel-icon-010 hi-2x color-primary\" title=\"\" data-toggle=\"tooltip\" data-original-title=\"\">\u00a0<\/span> <span class=\"center-block color-h1\">T\u00e9l\u00e9phone<\/span><\/div>\n<div class=\"col-lg-2 col-md-3 col-xs-6\"><span class=\"hotel-icon-013 hi-2x color-primary\" title=\"\" data-toggle=\"tooltip\" data-original-title=\"\">\u00a0<\/span> <span class=\"center-block color-h1\">T\u00e9l\u00e9 \u00e9cran plat avec cha\u00eenes internationales<\/span><\/div>\n<div class=\"col-lg-2 col-md-3 col-xs-6\"><span class=\"hotel-icon-170 hi-2x color-primary\" title=\"\" data-toggle=\"tooltip\" data-original-title=\"\">\u00a0<\/span> <span class=\"center-block color-h1\">Produits d&rsquo;accueil<\/span><\/div>\n<div class=\"col-lg-2 col-md-3 col-xs-6\"><span class=\"hotel-icon-125 hi-2x color-primary\" title=\"\" data-toggle=\"tooltip\" data-original-title=\"\">\u00a0<\/span> <span class=\"center-block color-h1\">Lit Double (140 ou 180*200) &#8211; <em>Lits Jumeaux disponibles sur demande<\/em><\/span><\/div>\n<div class=\"col-lg-2 col-md-3 col-xs-6\"><span class=\"hotel-icon-125 hi-2x color-primary\" title=\"\" data-toggle=\"tooltip\" data-original-title=\"\">\u00a0<\/span> <span class=\"center-block color-h1\">Lit suppl\u00e9mentaire disponible sur demande<\/span><\/div>\n<\/div>\n<\/div>\n<\/div>\n[\/vc_column_text][\/vc_column][\/vc_row]\n","protected":false},"excerpt":{"rendered":"<p>[vc_row][vc_column][vc_column_text] Chambres de\u00a0charme deluxe\u00a0&#8211;\u00a0Relais Saint Sulpice Les chambres deluxe\u00a0de l&rsquo;h\u00f4tel de charme Relais Saint Sulpice [\/vc_column_text][\/vc_column][\/vc_row][vc_row][vc_column][vc_gallery images=\u00a0\u00bb3078,3079,3075,3077,3076&Prime; columns=\u00a0\u00bb5&Prime;][vc_column_text] L\u2019h\u00f4tel Relais [&hellip;]<\/p>\n","protected":false},"author":3,"featured_media":3024,"parent":2256,"menu_order":0,"comment_status":"closed","ping_status":"closed","template":"","meta":[],"_links":{"self":[{"href":"https:\/\/www.relais-saint-sulpice.com\/fr\/wp-json\/wp\/v2\/pages\/2406"}],"collection":[{"href":"https:\/\/www.relais-saint-sulpice.com\/fr\/wp-json\/wp\/v2\/pages"}],"about":[{"href":"https:\/\/www.relais-saint-sulpice.com\/fr\/wp-json\/wp\/v2\/types\/page"}],"author":[{"embeddable":true,"href":"https:\/\/www.relais-saint-sulpice.com\/fr\/wp-json\/wp\/v2\/users\/3"}],"replies":[{"embeddable":true,"href":"https:\/\/www.relais-saint-sulpice.com\/fr\/wp-json\/wp\/v2\/comments?post=2406"}],"version-history":[{"count":14,"href":"https:\/\/www.relais-saint-sulpice.com\/fr\/wp-json\/wp\/v2\/pages\/2406\/revisions"}],"predecessor-version":[{"id":4234,"href":"https:\/\/www.relais-saint-sulpice.com\/fr\/wp-json\/wp\/v2\/pages\/2406\/revisions\/4234"}],"up":[{"embeddable":true,"href":"https:\/\/www.relais-saint-sulpice.com\/fr\/wp-json\/wp\/v2\/pages\/2256"}],"wp:featuredmedia":[{"embeddable":true,"href":"https:\/\/www.relais-saint-sulpice.com\/fr\/wp-json\/wp\/v2\/media\/3024"}],"wp:attachment":[{"href":"https:\/\/www.relais-saint-sulpice.com\/fr\/wp-json\/wp\/v2\/media?parent=2406"}],"curies":[{"name":"wp","href":"https:\/\/api.w.org\/{rel}","templated":true}]}}