{"id":2486,"date":"2016-12-14T16:15:34","date_gmt":"2016-12-14T15:15:34","guid":{"rendered":"http:\/\/1.dev.ydyle.fr\/?page_id=2486\/"},"modified":"2017-08-21T13:11:23","modified_gmt":"2017-08-21T12:11:23","slug":"monuments-paris","status":"publish","type":"page","link":"https:\/\/www.relais-saint-sulpice.com\/fr\/proximite\/monuments-paris\/","title":{"rendered":"Monuments Paris"},"content":{"rendered":"[vc_row][vc_column][vc_column_text]\n<div class=\"chambres\">\n<div class=\"center\">\n<h1 class=\"special_kunstler\" style=\"text-align: center;\">Lieux et monuments <span class=\"garamond\"> incontournables du<\/span> 6\u00e8me arrondissement<\/h1>\n<\/div>\n<form id=\"ninja_forms_form_16\" enctype=\"multipart\/form-data\" action=\"#\" data-region=\"emea\" data-channelcode=\"hotelrelaissaintsulpicedirect\" class=\"ninja-forms-form  container-fluid row second_resa ibe\">\r\n\r\n\t<div id=\"ninja_forms_form_16_all_fields_wrap\" class=\"ninja-forms-all-fields-wrap\">\r\n\t\t<div class=\"ninja-forms-required-items\">Les champs marqu\u00e9s d'une <span class=\"ninja-forms-req-symbol\">*<\/span> sont obligatoires<\/div>\r\n\t\t<div class=\"field-wrap text-wrap label-above -wrap col-4-wrap\" id=\"ninja_forms_field_35_div_wrap\" data-visible=\"1\">\r\n\t\t<label for=\"ninja_forms_field_35\" id=\"ninja_forms_field_35_label\" class=\"\">Date d'arriv\u00e9e <span class=\"ninja-forms-req-symbol\"><strong>*<\/strong><\/span>\t\t\t\t<\/label>\r\n\t\t\t<input id=\"arr2\" data-mask=\"\" data-input-limit=\"\" data-input-limit-type=\"char\" data-input-limit-msg=\"character(s) left\" name=\"check_in_date\" type=\"date\" placeholder=\"\" class=\" datepicker \" value=\"\" rel=\"35\" required min=\"2026-05-15\">\r\n\t\t\t<div id=\"ninja_forms_field_35_error\" style=\"display:none;\" class=\"ninja-forms-field-error\">\r\n\t\t\t<\/div>\r\n\t\t<\/div>\r\n\t\t<div class=\"field-wrap text-wrap label-above -wrap col-4-wrap\" id=\"ninja_forms_field_36_div_wrap\" data-visible=\"1\">\r\n\t\t\t<label for=\"ninja_forms_field_36\" id=\"ninja_forms_field_36_label\" class=\"\">Nombre de nuit(s)<span class=\"ninja-forms-req-symbol\"><strong>*<\/strong><\/span>\t\t\t\t<\/label>\r\n\t\t\t<input id=\"dep2\" data-mask=\"\" data-input-limit=\"\" data-input-limit-type=\"char\" data-input-limit-msg=\"character(s) left\" name=\"number_nights\" type=\"number\" placeholder=\"\"  value=\"\" rel=\"36\"  required min=\"1\" value=\"1\">\r\n\t\t\t<div id=\"ninja_forms_field_36_error\" style=\"display:none;\" class=\"ninja-forms-field-error\">\r\n\t\t\t<\/div>\r\n\t\t<\/div>\r\n \t\t<div class=\"field-wrap list-dropdown-wrap label-above -wrap col-4-wrap\" id=\"ninja_forms_field_37_div_wrap\" data-visible=\"1\">\r\n\t\t\t<label for=\"ninja_forms_field_37\" id=\"ninja_forms_field_37_label\" class=\"\">\r\n\t\t\tPersonne(s) <span class=\"ninja-forms-req-symbol\"><strong>*<\/strong><\/span>\t\t\t\t<\/label>\r\n\t\t\t<select name=\"adu\" id=\"ninja_forms_field_37\" class=\"ninja-forms-field  ninja-forms-req  col-4\" rel=\"37\">\r\n\t\t\t<option value=\"1\" selected=\"\" style=\"\">1 Personne<\/option>\r\n\t\t\t\t<option value=\"2\" style=\"\">2 Personnes<\/option>\r\n\t\t\t<\/select>\r\n\t\t\t<\/select>\r\n\t\t\t<div id=\"ninja_forms_field_37_error\" style=\"display:none;\" class=\"ninja-forms-field-error\">\r\n\t\t\t<\/div>\r\n\t\t<\/div>\r\n\t\t\r\n\t\t\t\t\t\t<div class=\"field-wrap list-dropdown-wrap label-above -wrap col-2-wrap\" id=\"ninja_forms_field_39_div_wrap\" data-visible=\"1\">\r\n\t\t<label for=\"ninja_forms_field_39\" id=\"ninja_forms_field_39_label\" class=\"\">\r\n\t\tEnfant(s)\t\t\t\t<\/label>\r\n\t\t\t\t\t<input max=\"3\" min=\"0\" name=\"number_children\" type=\"number\" value=\"0\" class=\"col-2\"\/>\r\n\t\t<div id=\"ninja_forms_field_39_error\" style=\"display:none;\" class=\"ninja-forms-field-error\">\r\n\t\t<\/div>\r\n\t<\/div>\r\n\t<div class=\"submit_container field-wrap submit-wrap label-above -wrap col-2-wrap\" id=\"ninja_forms_field_42_div_wrap\" data-visible=\"1\">\r\n\t\t<div id=\"nf_submit_16\">\r\n\t\t\t<input type=\"submit\" name=\"_ninja_forms_field_42\" class=\"ninja-forms-field   col-2\" id=\"ninja_forms_field_42\" value=\"Trouver une chambre\" rel=\"42\">\r\n\t\t<\/div>\r\n\t\t<div id=\"nf_processing_16\" style=\"display:none;\">\r\n\t\t\t<input type=\"submit\" name=\"_ninja_forms_field_42\" class=\"ninja-forms-field   col-2\" id=\"ninja_forms_field_42\" value=\"En traitement\" rel=\"42\" disabled=\"\">\r\n\t\t<\/div>\r\n\t\t<div id=\"ninja_forms_field_42_error\" style=\"display:none;\" class=\"ninja-forms-field-error\">\r\n\t\t<\/div>\r\n\t<\/div>\r\n\t<div class=\"clearfix\"><\/div>\t<\/div>\r\n<\/form>\r\n<script>\r\njQuery( document ).ready( function () {\r\n\r\n                var d = new Date();\r\n                var res = d.toISOString().split(\"T\");                                                                                                                                             jQuery('#arr2').val(res[0]);\r\n\r\n                jQuery('#arr2').change(function() {\r\n                        var date = new Date(jQuery('#arr2').val());\r\n                        date.setDate(date.getDate() + 1);\r\n                        var res = date.toISOString().split(\"T\");\r\n                        jQuery('#dep2').val(res[0]);\r\n                });\r\n\r\n});\r\n<\/script>\r\n\n<p>&nbsp;<\/p>\n<p class=\"main_content\" style=\"text-align: center;\">Gr\u00e2ce \u00e0 sa situation dans le 6\u00e8me arrondissement en plein c\u0153ur de Paris, en s\u00e9journant \u00e0 l\u2019h\u00f4tel Relais Saint Sulpice, vous pourrez acc\u00e9der facilement et rapidement (en moins de 15 minutes) aux monuments majeurs du centre historique de Paris :<\/p>\n<p class=\"main_content\" style=\"text-align: center;\">\n<\/div>\n<table class=\"tab_distance\" style=\"margin: auto;\" align=\"center\">\n<tbody>\n<tr>\n<th colspan=\"3\" width=\"630px\">Pour y aller depuis l&rsquo;h\u00f4tel<\/th>\n<\/tr>\n<tr>\n<td>Eglise Saint Sulpice<\/td>\n<td><img src=\"\/wp-content\/themes\/conti\/img\/icone-pieton.png\" alt=\"Eglise Saint Sulpice\" \/><\/td>\n<td>30 s<\/td>\n<\/tr>\n<tr>\n<td>Jardins du Luxembourg<\/td>\n<td><img src=\"\/wp-content\/themes\/conti\/img\/icone-pieton.png\" alt=\"Jardins du Luxembourg\" \/><\/td>\n<td>2 min<\/td>\n<\/tr>\n<tr>\n<td>Senat<\/td>\n<td><img src=\"\/wp-content\/themes\/conti\/img\/icone-pieton.png\" alt=\"Senat\" \/><\/td>\n<td>2 min<\/td>\n<\/tr>\n<tr>\n<td>Carrefour de l&rsquo;Odeon<\/td>\n<td><img src=\"\/wp-content\/themes\/conti\/img\/icone-pieton.png\" alt=\"Carrefour de l'Odeon\" \/><\/td>\n<td>6 min<\/td>\n<\/tr>\n<tr>\n<td>Place de Furstenberg<\/td>\n<td><img src=\"\/wp-content\/themes\/conti\/img\/icone-pieton.png\" alt=\"Place de Furstenberg\" \/><\/td>\n<td>6 min<\/td>\n<\/tr>\n<tr>\n<td>Mus\u00e9e Delacroix<\/td>\n<td><img src=\"\/wp-content\/themes\/conti\/img\/icone-pieton.png\" alt=\"Mus\u00e9e Delacroix\" \/><\/td>\n<td>6 min<\/td>\n<\/tr>\n<tr>\n<td>La Sorbonne<\/td>\n<td><img src=\"\/wp-content\/themes\/conti\/img\/icone-pieton.png\" alt=\"La Sorbonne\" \/><\/td>\n<td>8 min<\/td>\n<\/tr>\n<tr>\n<td>Ancienne Acad\u00e9mie Royale de M\u00e9decine<\/td>\n<td><img src=\"\/wp-content\/themes\/conti\/img\/icone-pieton.png\" alt=\"Acad\u00e9mie royale de m\u00e9decine\" \/><\/td>\n<td>8 min<\/td>\n<\/tr>\n<tr>\n<td>Monnaie de Paris<\/td>\n<td><img src=\"\/wp-content\/themes\/conti\/img\/icone-pieton.png\" alt=\"Monnaie de Paris\" \/><\/td>\n<td>10 min<\/td>\n<\/tr>\n<tr>\n<td>Ecole Nationale Sup\u00e9rieure des beaux-arts<\/td>\n<td><img src=\"\/wp-content\/themes\/conti\/img\/icone-pieton.png\" alt=\"Ecole Nationale Sup\u00e9rieure des beaux-arts\" \/><\/td>\n<td>10 min<\/td>\n<\/tr>\n<tr>\n<td>Pont Neuf<\/td>\n<td><img src=\"\/wp-content\/themes\/conti\/img\/icone-pieton.png\" alt=\"Ponf Neuf\" \/><\/td>\n<td>10 min<\/td>\n<\/tr>\n<tr>\n<td>Passerelle des arts<\/td>\n<td><img src=\"\/wp-content\/themes\/conti\/img\/icone-pieton.png\" alt=\"Passerelle des arts\" \/><\/td>\n<td>12 min<\/td>\n<\/tr>\n<tr>\n<td>Panth\u00e9on<\/td>\n<td><img src=\"\/wp-content\/themes\/conti\/img\/icone-pieton.png\" alt=\"Panth\u00e9on\" \/><\/td>\n<td>12 min<\/td>\n<\/tr>\n<tr>\n<td>La Conciergerie<\/td>\n<td><img src=\"\/wp-content\/themes\/conti\/img\/icone-pieton.png\" alt=\"Conciergerie\" \/><\/td>\n<td>12 min<\/td>\n<\/tr>\n<tr>\n<td>Institut de France<\/td>\n<td><img src=\"\/wp-content\/themes\/conti\/img\/icone-pieton.png\" alt=\"JInstitut de France\" \/><\/td>\n<td>12 min<\/td>\n<\/tr>\n<tr>\n<td>Notre Dame et la Sainte Chapelle<\/td>\n<td><img src=\"\/wp-content\/themes\/conti\/img\/icone-pieton.png\" alt=\"Notre Dame et la Sainte Chapelle\" \/><\/td>\n<td>15 min<\/td>\n<\/tr>\n<tr>\n<th colspan=\"3\">Et pour aller un peu plus loin &#8230;<\/th>\n<\/tr>\n<tr>\n<td>Mus\u00e9e du Louvre<\/td>\n<td><img src=\"\/wp-content\/themes\/conti\/img\/icone-pieton.png\" alt=\"Mus\u00e9e du Louvre hotel paris\" \/><\/td>\n<td>18 min<\/td>\n<\/tr>\n<tr>\n<td>Jardin des tuileries<\/td>\n<td><img src=\"\/wp-content\/themes\/conti\/img\/icone-pieton.png\" alt=\"Jardin des tuileries hotel paris\" \/><\/td>\n<td>18 min<\/td>\n<\/tr>\n<tr>\n<td>Mus\u00e9e d&rsquo;Orsay<\/td>\n<td><img src=\"\/wp-content\/themes\/conti\/img\/icone-pieton.png\" alt=\"Mus\u00e9e d'Orsay\" \/><\/td>\n<td>20 min<\/td>\n<\/tr>\n<tr>\n<td>Invalides<\/td>\n<td><img src=\"\/wp-content\/themes\/conti\/img\/icone-pieton.png\" alt=\"Invalides\" \/><\/td>\n<td>25 min<\/td>\n<\/tr>\n<tr>\n<td>Concorde<\/td>\n<td><img src=\"\/wp-content\/themes\/conti\/img\/icone-pieton.png\" alt=\"Concorde\" \/><\/td>\n<td>29 min<\/td>\n<\/tr>\n<tr>\n<td>Quai Branly<\/td>\n<td><img src=\"\/wp-content\/themes\/conti\/img\/icone-pieton.png\" alt=\"Quai Branly\" \/><\/td>\n<td>45 min<\/td>\n<\/tr>\n<tr>\n<td>Tour Eiffel<\/td>\n<td><img src=\"\/wp-content\/themes\/conti\/img\/icone-pieton.png\" alt=\"Tour Efeil\" \/><\/td>\n<td>50 min<\/td>\n<\/tr>\n<tr>\n<td>Arc de Triomphe<\/td>\n<td><img src=\"\/wp-content\/themes\/conti\/img\/icone-pieton.png\" alt=\"Arc de Triomphe hotel paris\" \/><\/td>\n<td>55 min<\/td>\n<\/tr>\n<\/tbody>\n<\/table>\n[\/vc_column_text][\/vc_column][\/vc_row]\n","protected":false},"excerpt":{"rendered":"<p>[vc_row][vc_column][vc_column_text] Lieux et monuments incontournables du 6\u00e8me arrondissement &nbsp; Gr\u00e2ce \u00e0 sa situation dans le 6\u00e8me arrondissement en plein c\u0153ur [&hellip;]<\/p>\n","protected":false},"author":3,"featured_media":3024,"parent":1640,"menu_order":0,"comment_status":"closed","ping_status":"closed","template":"","meta":[],"_links":{"self":[{"href":"https:\/\/www.relais-saint-sulpice.com\/fr\/wp-json\/wp\/v2\/pages\/2486"}],"collection":[{"href":"https:\/\/www.relais-saint-sulpice.com\/fr\/wp-json\/wp\/v2\/pages"}],"about":[{"href":"https:\/\/www.relais-saint-sulpice.com\/fr\/wp-json\/wp\/v2\/types\/page"}],"author":[{"embeddable":true,"href":"https:\/\/www.relais-saint-sulpice.com\/fr\/wp-json\/wp\/v2\/users\/3"}],"replies":[{"embeddable":true,"href":"https:\/\/www.relais-saint-sulpice.com\/fr\/wp-json\/wp\/v2\/comments?post=2486"}],"version-history":[{"count":16,"href":"https:\/\/www.relais-saint-sulpice.com\/fr\/wp-json\/wp\/v2\/pages\/2486\/revisions"}],"predecessor-version":[{"id":3252,"href":"https:\/\/www.relais-saint-sulpice.com\/fr\/wp-json\/wp\/v2\/pages\/2486\/revisions\/3252"}],"up":[{"embeddable":true,"href":"https:\/\/www.relais-saint-sulpice.com\/fr\/wp-json\/wp\/v2\/pages\/1640"}],"wp:featuredmedia":[{"embeddable":true,"href":"https:\/\/www.relais-saint-sulpice.com\/fr\/wp-json\/wp\/v2\/media\/3024"}],"wp:attachment":[{"href":"https:\/\/www.relais-saint-sulpice.com\/fr\/wp-json\/wp\/v2\/media?parent=2486"}],"curies":[{"name":"wp","href":"https:\/\/api.w.org\/{rel}","templated":true}]}}