{"id":2520,"date":"2016-12-15T19:06:20","date_gmt":"2016-12-15T18:06:20","guid":{"rendered":"http:\/\/1.dev.ydyle.fr\/?page_id=2520\/"},"modified":"2017-02-03T15:23:10","modified_gmt":"2017-02-03T14:23:10","slug":"vieme-paris","status":"publish","type":"page","link":"https:\/\/www.relais-saint-sulpice.com\/fr\/proximite\/vieme-paris\/","title":{"rendered":"Le 6\u00e8me arrondissement de Paris"},"content":{"rendered":"[vc_row][vc_column][vc_column_text]\n<div class=\"chambres\">\n<div class=\"center\">\n<h1 class=\"special_kunstler\" style=\"text-align: center;\">Le 6\u00e8me<span class=\"garamond\">\u00a0arrondissement de<\/span>\u00a0Paris<\/h1>\n<\/div>\n<form id=\"ninja_forms_form_16\" enctype=\"multipart\/form-data\" action=\"#\" data-region=\"emea\" data-channelcode=\"hotelrelaissaintsulpicedirect\" class=\"ninja-forms-form  container-fluid row second_resa ibe\">\r\n\r\n\t<div id=\"ninja_forms_form_16_all_fields_wrap\" class=\"ninja-forms-all-fields-wrap\">\r\n\t\t<div class=\"ninja-forms-required-items\">Les champs marqu\u00e9s d'une <span class=\"ninja-forms-req-symbol\">*<\/span> sont obligatoires<\/div>\r\n\t\t<div class=\"field-wrap text-wrap label-above -wrap col-4-wrap\" id=\"ninja_forms_field_35_div_wrap\" data-visible=\"1\">\r\n\t\t<label for=\"ninja_forms_field_35\" id=\"ninja_forms_field_35_label\" class=\"\">Date d'arriv\u00e9e <span class=\"ninja-forms-req-symbol\"><strong>*<\/strong><\/span>\t\t\t\t<\/label>\r\n\t\t\t<input id=\"arr2\" data-mask=\"\" data-input-limit=\"\" data-input-limit-type=\"char\" data-input-limit-msg=\"character(s) left\" name=\"check_in_date\" type=\"date\" placeholder=\"\" class=\" datepicker \" value=\"\" rel=\"35\" required min=\"2026-04-15\">\r\n\t\t\t<div id=\"ninja_forms_field_35_error\" style=\"display:none;\" class=\"ninja-forms-field-error\">\r\n\t\t\t<\/div>\r\n\t\t<\/div>\r\n\t\t<div class=\"field-wrap text-wrap label-above -wrap col-4-wrap\" id=\"ninja_forms_field_36_div_wrap\" data-visible=\"1\">\r\n\t\t\t<label for=\"ninja_forms_field_36\" id=\"ninja_forms_field_36_label\" class=\"\">Nombre de nuit(s)<span class=\"ninja-forms-req-symbol\"><strong>*<\/strong><\/span>\t\t\t\t<\/label>\r\n\t\t\t<input id=\"dep2\" data-mask=\"\" data-input-limit=\"\" data-input-limit-type=\"char\" data-input-limit-msg=\"character(s) left\" name=\"number_nights\" type=\"number\" placeholder=\"\"  value=\"\" rel=\"36\"  required min=\"1\" value=\"1\">\r\n\t\t\t<div id=\"ninja_forms_field_36_error\" style=\"display:none;\" class=\"ninja-forms-field-error\">\r\n\t\t\t<\/div>\r\n\t\t<\/div>\r\n \t\t<div class=\"field-wrap list-dropdown-wrap label-above -wrap col-4-wrap\" id=\"ninja_forms_field_37_div_wrap\" data-visible=\"1\">\r\n\t\t\t<label for=\"ninja_forms_field_37\" id=\"ninja_forms_field_37_label\" class=\"\">\r\n\t\t\tPersonne(s) <span class=\"ninja-forms-req-symbol\"><strong>*<\/strong><\/span>\t\t\t\t<\/label>\r\n\t\t\t<select name=\"adu\" id=\"ninja_forms_field_37\" class=\"ninja-forms-field  ninja-forms-req  col-4\" rel=\"37\">\r\n\t\t\t<option value=\"1\" selected=\"\" style=\"\">1 Personne<\/option>\r\n\t\t\t\t<option value=\"2\" style=\"\">2 Personnes<\/option>\r\n\t\t\t<\/select>\r\n\t\t\t<\/select>\r\n\t\t\t<div id=\"ninja_forms_field_37_error\" style=\"display:none;\" class=\"ninja-forms-field-error\">\r\n\t\t\t<\/div>\r\n\t\t<\/div>\r\n\t\t\r\n\t\t\t\t\t\t<div class=\"field-wrap list-dropdown-wrap label-above -wrap col-2-wrap\" id=\"ninja_forms_field_39_div_wrap\" data-visible=\"1\">\r\n\t\t<label for=\"ninja_forms_field_39\" id=\"ninja_forms_field_39_label\" class=\"\">\r\n\t\tEnfant(s)\t\t\t\t<\/label>\r\n\t\t\t\t\t<input max=\"3\" min=\"0\" name=\"number_children\" type=\"number\" value=\"0\" class=\"col-2\"\/>\r\n\t\t<div id=\"ninja_forms_field_39_error\" style=\"display:none;\" class=\"ninja-forms-field-error\">\r\n\t\t<\/div>\r\n\t<\/div>\r\n\t<div class=\"submit_container field-wrap submit-wrap label-above -wrap col-2-wrap\" id=\"ninja_forms_field_42_div_wrap\" data-visible=\"1\">\r\n\t\t<div id=\"nf_submit_16\">\r\n\t\t\t<input type=\"submit\" name=\"_ninja_forms_field_42\" class=\"ninja-forms-field   col-2\" id=\"ninja_forms_field_42\" value=\"Trouver une chambre\" rel=\"42\">\r\n\t\t<\/div>\r\n\t\t<div id=\"nf_processing_16\" style=\"display:none;\">\r\n\t\t\t<input type=\"submit\" name=\"_ninja_forms_field_42\" class=\"ninja-forms-field   col-2\" id=\"ninja_forms_field_42\" value=\"En traitement\" rel=\"42\" disabled=\"\">\r\n\t\t<\/div>\r\n\t\t<div id=\"ninja_forms_field_42_error\" style=\"display:none;\" class=\"ninja-forms-field-error\">\r\n\t\t<\/div>\r\n\t<\/div>\r\n\t<div class=\"clearfix\"><\/div>\t<\/div>\r\n<\/form>\r\n<script>\r\njQuery( document ).ready( function () {\r\n\r\n                var d = new Date();\r\n                var res = d.toISOString().split(\"T\");                                                                                                                                             jQuery('#arr2').val(res[0]);\r\n\r\n                jQuery('#arr2').change(function() {\r\n                        var date = new Date(jQuery('#arr2').val());\r\n                        date.setDate(date.getDate() + 1);\r\n                        var res = date.toISOString().split(\"T\");\r\n                        jQuery('#dep2').val(res[0]);\r\n                });\r\n\r\n});\r\n<\/script>\r\n\n<p>&nbsp;<\/p>\n<div class=\"center\">\n<h2 class=\"special_kunstler\">Le Relais Saint Sulpice\u00a0<span class=\"garamond\">un h\u00f4tel au coeur de\u00a0<\/span>Paris 6<\/h2>\n<\/div>\n<p class=\"main_content\" style=\"text-align: center;\">C\u0153ur du Paris historique, le 6\u00e8me arrondissement est le <strong>foyer du monde litt\u00e9raire et artistique et de la cr\u00e9ation<\/strong> en g\u00e9n\u00e9rale ! Vous pourrez vous balader \u00e0 pied dans le quartier de <strong>Saint-Germain-des-Pr\u00e9s<\/strong>, du <strong>jardin du Luxembourg<\/strong> (dans lequel se trouve le S\u00e9nat) et d\u00e9couvrir \u00e9galement les institutions culturelles prestigieuses tels que l&rsquo;Institut de France, l\u2019H\u00f4tel de la Monnaie, le Th\u00e9\u00e2tre de l&rsquo;Od\u00e9on ou l&rsquo;\u00c9cole des Beaux-Arts\u2026 Le Pont Neuf, quant-\u00e0-lui, vous m\u00e8nera sur l\u2019Ile de la Cit\u00e9 (Place Dauphine-Palais de Justice-la Conciergerie) et la rive droite (le Louvre)\u2026<\/p>\n<p class=\"main_content\" style=\"text-align: center;\">C\u2019est l\u2019arrondissement du centre de Paris\u2026Et <strong>l\u2019\u00e9glise Saint-Sulpice<\/strong> est le monument central du 6\u00e8me arrondissement\u2026Elle est la plus grande \u00e9glise de Paris apr\u00e8s Notre-Dame\u2013de-Paris parce qu\u2019incompl\u00e8te : les tours n\u2019ont pas leurs lanternons pr\u00e9vus par l\u2019architecte Servandoni.<br \/>\nElle r\u00e9sulte d\u2019un projet d\u2019agrandissement avalis\u00e9 par le <strong>Prince de Cond\u00e9 en 1643<\/strong> (l\u2019\u00e9glise existante alors elle-m\u00eame ayant subi de nombreux agrandissements depuis la chapelle datant du IX\u00e8me si\u00e8cle au minimum) qui a \u00e9t\u00e9 repris plusieurs fois avec la participation \u00e0 chaque \u00e9pisode des plus grands noms de l\u2019architecture comme Le Vau avant que les travaux ne soient interrompus faute de cr\u00e9dits\u2026Servandoni remporte le concours de sa re-construction en 1732 qui incluait tout le r\u00e9am\u00e9nagement du quartier c\u00f4t\u00e9 fa\u00e7ade dont il fallait acqu\u00e9rir le terrain et aussi la destruction du s\u00e9minaire qui aura finalement lieu en 1800 sous Bonaparte !<\/p>\n<p class=\"main_content\" style=\"text-align: center;\">Il r\u00e9sulte de ces p\u00e9rip\u00e9ties (financement, guerre, r\u00e9volution) de la construction de cet \u00e9difice un style disparate unique.<br \/>\nA l\u2019int\u00e9rieur de l\u2019\u00e9glise aussi de nombreuses \u0153uvres d\u2019\u00e9poques vari\u00e9es ont surv\u00e9cu\u2026et surtout trois fresques de <strong>Delacroix dont celle de la Lutte avec l\u2019Ange<\/strong> dont le th\u00e8me compliqu\u00e9 a inspir\u00e9 l\u2019\u00e9crivain fran\u00e7ais Jean-Paul Kauffmann. C\u2019est aussi le<strong> lieu central du DaVinci Code<\/strong>, dont le tournage a \u00e9lu domicile \u00e0 l\u2019h\u00f4tel.<\/p>\n<p class=\"main_content\" style=\"text-align: center;\"><strong>Victor Hugo<\/strong> s\u2019est mari\u00e9 dans cette \u00e9glise avec Ad\u00e8le\u2026<\/p>\n<p class=\"main_content\" style=\"text-align: center;\">L\u2019orgue est \u00e9galement remarquable : auditions le <strong>dimanche matin vers 11h30<\/strong>.<\/p>\n<\/div>\n[\/vc_column_text][\/vc_column][\/vc_row]\n","protected":false},"excerpt":{"rendered":"<p>[vc_row][vc_column][vc_column_text] Le 6\u00e8me\u00a0arrondissement de\u00a0Paris &nbsp; Le Relais Saint Sulpice\u00a0un h\u00f4tel au coeur de\u00a0Paris 6 C\u0153ur du Paris historique, le 6\u00e8me [&hellip;]<\/p>\n","protected":false},"author":3,"featured_media":3024,"parent":1640,"menu_order":0,"comment_status":"closed","ping_status":"closed","template":"page-templates\/page-fullwidth.php","meta":{"footnotes":""},"class_list":["post-2520","page","type-page","status-publish","has-post-thumbnail","hentry"],"_links":{"self":[{"href":"https:\/\/www.relais-saint-sulpice.com\/fr\/wp-json\/wp\/v2\/pages\/2520","targetHints":{"allow":["GET"]}}],"collection":[{"href":"https:\/\/www.relais-saint-sulpice.com\/fr\/wp-json\/wp\/v2\/pages"}],"about":[{"href":"https:\/\/www.relais-saint-sulpice.com\/fr\/wp-json\/wp\/v2\/types\/page"}],"author":[{"embeddable":true,"href":"https:\/\/www.relais-saint-sulpice.com\/fr\/wp-json\/wp\/v2\/users\/3"}],"replies":[{"embeddable":true,"href":"https:\/\/www.relais-saint-sulpice.com\/fr\/wp-json\/wp\/v2\/comments?post=2520"}],"version-history":[{"count":7,"href":"https:\/\/www.relais-saint-sulpice.com\/fr\/wp-json\/wp\/v2\/pages\/2520\/revisions"}],"predecessor-version":[{"id":3029,"href":"https:\/\/www.relais-saint-sulpice.com\/fr\/wp-json\/wp\/v2\/pages\/2520\/revisions\/3029"}],"up":[{"embeddable":true,"href":"https:\/\/www.relais-saint-sulpice.com\/fr\/wp-json\/wp\/v2\/pages\/1640"}],"wp:featuredmedia":[{"embeddable":true,"href":"https:\/\/www.relais-saint-sulpice.com\/fr\/wp-json\/wp\/v2\/media\/3024"}],"wp:attachment":[{"href":"https:\/\/www.relais-saint-sulpice.com\/fr\/wp-json\/wp\/v2\/media?parent=2520"}],"curies":[{"name":"wp","href":"https:\/\/api.w.org\/{rel}","templated":true}]}}