{"id":2521,"date":"2016-12-15T19:21:07","date_gmt":"2016-12-15T18:21:07","guid":{"rendered":"http:\/\/1.dev.ydyle.fr\/?page_id=2521\/"},"modified":"2017-02-03T16:12:04","modified_gmt":"2017-02-03T15:12:04","slug":"paris-smart","status":"publish","type":"page","link":"https:\/\/www.relais-saint-sulpice.com\/fr\/proximite\/paris-smart\/","title":{"rendered":"Paris Smart"},"content":{"rendered":"[vc_row][vc_column][vc_column_text]\n<div class=\"chambres\">\n<div class=\"center\">\n<h1 class=\"special_kunstler\" style=\"text-align: center;\">Paris Smart<\/h1>\n<\/div>\n<form id=\"ninja_forms_form_16\" enctype=\"multipart\/form-data\" action=\"#\" data-region=\"emea\" data-channelcode=\"hotelrelaissaintsulpicedirect\" class=\"ninja-forms-form  container-fluid row second_resa ibe\">\r\n\r\n\t<div id=\"ninja_forms_form_16_all_fields_wrap\" class=\"ninja-forms-all-fields-wrap\">\r\n\t\t<div class=\"ninja-forms-required-items\">Les champs marqu\u00e9s d'une <span class=\"ninja-forms-req-symbol\">*<\/span> sont obligatoires<\/div>\r\n\t\t<div class=\"field-wrap text-wrap label-above -wrap col-4-wrap\" id=\"ninja_forms_field_35_div_wrap\" data-visible=\"1\">\r\n\t\t<label for=\"ninja_forms_field_35\" id=\"ninja_forms_field_35_label\" class=\"\">Date d'arriv\u00e9e <span class=\"ninja-forms-req-symbol\"><strong>*<\/strong><\/span>\t\t\t\t<\/label>\r\n\t\t\t<input id=\"arr2\" data-mask=\"\" data-input-limit=\"\" data-input-limit-type=\"char\" data-input-limit-msg=\"character(s) left\" name=\"check_in_date\" type=\"date\" placeholder=\"\" class=\" datepicker \" value=\"\" rel=\"35\" required min=\"2026-04-30\">\r\n\t\t\t<div id=\"ninja_forms_field_35_error\" style=\"display:none;\" class=\"ninja-forms-field-error\">\r\n\t\t\t<\/div>\r\n\t\t<\/div>\r\n\t\t<div class=\"field-wrap text-wrap label-above -wrap col-4-wrap\" id=\"ninja_forms_field_36_div_wrap\" data-visible=\"1\">\r\n\t\t\t<label for=\"ninja_forms_field_36\" id=\"ninja_forms_field_36_label\" class=\"\">Nombre de nuit(s)<span class=\"ninja-forms-req-symbol\"><strong>*<\/strong><\/span>\t\t\t\t<\/label>\r\n\t\t\t<input id=\"dep2\" data-mask=\"\" data-input-limit=\"\" data-input-limit-type=\"char\" data-input-limit-msg=\"character(s) left\" name=\"number_nights\" type=\"number\" placeholder=\"\"  value=\"\" rel=\"36\"  required min=\"1\" value=\"1\">\r\n\t\t\t<div id=\"ninja_forms_field_36_error\" style=\"display:none;\" class=\"ninja-forms-field-error\">\r\n\t\t\t<\/div>\r\n\t\t<\/div>\r\n \t\t<div class=\"field-wrap list-dropdown-wrap label-above -wrap col-4-wrap\" id=\"ninja_forms_field_37_div_wrap\" data-visible=\"1\">\r\n\t\t\t<label for=\"ninja_forms_field_37\" id=\"ninja_forms_field_37_label\" class=\"\">\r\n\t\t\tPersonne(s) <span class=\"ninja-forms-req-symbol\"><strong>*<\/strong><\/span>\t\t\t\t<\/label>\r\n\t\t\t<select name=\"adu\" id=\"ninja_forms_field_37\" class=\"ninja-forms-field  ninja-forms-req  col-4\" rel=\"37\">\r\n\t\t\t<option value=\"1\" selected=\"\" style=\"\">1 Personne<\/option>\r\n\t\t\t\t<option value=\"2\" style=\"\">2 Personnes<\/option>\r\n\t\t\t<\/select>\r\n\t\t\t<\/select>\r\n\t\t\t<div id=\"ninja_forms_field_37_error\" style=\"display:none;\" class=\"ninja-forms-field-error\">\r\n\t\t\t<\/div>\r\n\t\t<\/div>\r\n\t\t\r\n\t\t\t\t\t\t<div class=\"field-wrap list-dropdown-wrap label-above -wrap col-2-wrap\" id=\"ninja_forms_field_39_div_wrap\" data-visible=\"1\">\r\n\t\t<label for=\"ninja_forms_field_39\" id=\"ninja_forms_field_39_label\" class=\"\">\r\n\t\tEnfant(s)\t\t\t\t<\/label>\r\n\t\t\t\t\t<input max=\"3\" min=\"0\" name=\"number_children\" type=\"number\" value=\"0\" class=\"col-2\"\/>\r\n\t\t<div id=\"ninja_forms_field_39_error\" style=\"display:none;\" class=\"ninja-forms-field-error\">\r\n\t\t<\/div>\r\n\t<\/div>\r\n\t<div class=\"submit_container field-wrap submit-wrap label-above -wrap col-2-wrap\" id=\"ninja_forms_field_42_div_wrap\" data-visible=\"1\">\r\n\t\t<div id=\"nf_submit_16\">\r\n\t\t\t<input type=\"submit\" name=\"_ninja_forms_field_42\" class=\"ninja-forms-field   col-2\" id=\"ninja_forms_field_42\" value=\"Trouver une chambre\" rel=\"42\">\r\n\t\t<\/div>\r\n\t\t<div id=\"nf_processing_16\" style=\"display:none;\">\r\n\t\t\t<input type=\"submit\" name=\"_ninja_forms_field_42\" class=\"ninja-forms-field   col-2\" id=\"ninja_forms_field_42\" value=\"En traitement\" rel=\"42\" disabled=\"\">\r\n\t\t<\/div>\r\n\t\t<div id=\"ninja_forms_field_42_error\" style=\"display:none;\" class=\"ninja-forms-field-error\">\r\n\t\t<\/div>\r\n\t<\/div>\r\n\t<div class=\"clearfix\"><\/div>\t<\/div>\r\n<\/form>\r\n<script>\r\njQuery( document ).ready( function () {\r\n\r\n                var d = new Date();\r\n                var res = d.toISOString().split(\"T\");                                                                                                                                             jQuery('#arr2').val(res[0]);\r\n\r\n                jQuery('#arr2').change(function() {\r\n                        var date = new Date(jQuery('#arr2').val());\r\n                        date.setDate(date.getDate() + 1);\r\n                        var res = date.toISOString().split(\"T\");\r\n                        jQuery('#dep2').val(res[0]);\r\n                });\r\n\r\n});\r\n<\/script>\r\n\n<div class=\"center\">\n<h2 class=\"special_kunstler\">Autour\u00a0<span class=\"garamond\">de l&rsquo;h\u00f4tel\u00a0<\/span>Relais Saint Sulpice<\/h2>\n<\/div>\n<p class=\"main_content\" style=\"text-align: center;\">En s\u00e9journant au Relais Saint Sulpice <strong>au c\u0153ur du 6\u00e8me arrondissement de Paris<\/strong>, vous serez \u00e0 deux pas des plus <strong>grandes boutiques de mode<\/strong> (Louis Vuitton, Sonia Rykiel, YSL, Ralph Lauren, Prada, Sergio Rossi, Agn\u00e8s B, Ferragamo, Vanessa Bruno, Herm\u00e8s, Kenzo, Cartier, Armani, Max Mara, Burberry, Miu Miu, Hugo Boss, Isabelle Marant etc.) Vous pourrez \u00e9galement y d\u00e9couvrir : une large s\u00e9lection de boutiques renomm\u00e9es dans la d\u00e9coration (La Cornue, Maison de Famille, Villeroy et Boch\u2026), Librairies (La Hune, Le Moniteur, La Procure etc.), et encore des <strong>chocolatiers et p\u00e2tissiers de renomm\u00e9e internationale<\/strong> (Patrick Roger, Herm\u00e9, Mulot, Ladur\u00e9e, Marcolini etc.) !<\/p>\n<p class=\"main_content\" style=\"text-align: center;\">Le 6\u00e8me arrondissement est aussi le quartier o\u00f9 vous trouverez le plus grand choix de cin\u00e9mas (UGC et MK2 \u00e0 Od\u00e9on). En vous rendant \u00e0 <strong>l\u2019espace Saint-Michel<\/strong>, un vieux cin\u00e9ma de 1912 et un espace modernis\u00e9 en 1991, vous pourrez d\u00e9couvrir le c\u0153ur du cin\u00e9ma d\u2019auteur des r\u00e9alisateurs internationaux.<\/p>\n<p class=\"main_content\" style=\"text-align: center;\">Et aussi les bars et caf\u00e9s mythiques o\u00f9 l\u2019on peut tra\u00eener en regardant la rue sur les pas des plus <strong>grands intellectuels fran\u00e7ais et \u00e9trangers<\/strong> (Le Flore \u2013 Les Deux Magots \u2013 la Brasserie Lipp \u2013 La version moderne avec le nouveau restaurant de Jean-Louis Costes : La soci\u00e9t\u00e9\u2026) et le Procope pour les amoureux d\u2019Histoire de la R\u00e9volution fran\u00e7aise.<\/p>\n<p class=\"main_content\" style=\"text-align: center;\">Enfin, vous pourrez vous installer aux terrasses des caf\u00e9s mythiques (Le Flore \u2013 Les Deux Magots \u2013 la Brasserie Lipp) et trainer en regardant la rue, sur les pas des plus grands intellectuels fran\u00e7ais et \u00e9trangers. Vous pourrez <strong>d\u00e9guster la cuisine de grands chefs aux restaurants<\/strong> : le Saint-Pourcin, Polidor, Vagenende, H\u00e9l\u00e8ne Darroze\u2026<\/p>\n<p class=\"main_content\" style=\"text-align: center;\"><strong>L\u2019h\u00f4tel Relais Saint Sulpice est le point de d\u00e9part r\u00eav\u00e9 pour partir \u00e0 la d\u00e9couverte ou \u00e0 la red\u00e9couverte de Paris\u2026<\/strong><\/p>\n<\/div>\n[\/vc_column_text][\/vc_column][\/vc_row]\n","protected":false},"excerpt":{"rendered":"<p>[vc_row][vc_column][vc_column_text] Paris Smart Autour\u00a0de l&rsquo;h\u00f4tel\u00a0Relais Saint Sulpice En s\u00e9journant au Relais Saint Sulpice au c\u0153ur du 6\u00e8me arrondissement de Paris, [&hellip;]<\/p>\n","protected":false},"author":3,"featured_media":3024,"parent":1640,"menu_order":0,"comment_status":"closed","ping_status":"closed","template":"page-templates\/page-fullwidth.php","meta":[],"_links":{"self":[{"href":"https:\/\/www.relais-saint-sulpice.com\/fr\/wp-json\/wp\/v2\/pages\/2521"}],"collection":[{"href":"https:\/\/www.relais-saint-sulpice.com\/fr\/wp-json\/wp\/v2\/pages"}],"about":[{"href":"https:\/\/www.relais-saint-sulpice.com\/fr\/wp-json\/wp\/v2\/types\/page"}],"author":[{"embeddable":true,"href":"https:\/\/www.relais-saint-sulpice.com\/fr\/wp-json\/wp\/v2\/users\/3"}],"replies":[{"embeddable":true,"href":"https:\/\/www.relais-saint-sulpice.com\/fr\/wp-json\/wp\/v2\/comments?post=2521"}],"version-history":[{"count":8,"href":"https:\/\/www.relais-saint-sulpice.com\/fr\/wp-json\/wp\/v2\/pages\/2521\/revisions"}],"predecessor-version":[{"id":3037,"href":"https:\/\/www.relais-saint-sulpice.com\/fr\/wp-json\/wp\/v2\/pages\/2521\/revisions\/3037"}],"up":[{"embeddable":true,"href":"https:\/\/www.relais-saint-sulpice.com\/fr\/wp-json\/wp\/v2\/pages\/1640"}],"wp:featuredmedia":[{"embeddable":true,"href":"https:\/\/www.relais-saint-sulpice.com\/fr\/wp-json\/wp\/v2\/media\/3024"}],"wp:attachment":[{"href":"https:\/\/www.relais-saint-sulpice.com\/fr\/wp-json\/wp\/v2\/media?parent=2521"}],"curies":[{"name":"wp","href":"https:\/\/api.w.org\/{rel}","templated":true}]}}