{"id":3703,"date":"2021-05-19T13:45:33","date_gmt":"2021-05-19T12:45:33","guid":{"rendered":"https:\/\/www.relais-saint-sulpice.com\/?page_id=3703\/"},"modified":"2021-09-23T11:00:00","modified_gmt":"2021-09-23T10:00:00","slug":"room-directory","status":"publish","type":"page","link":"https:\/\/www.relais-saint-sulpice.com\/fr\/room-directory\/","title":{"rendered":"Room Directory \u2013 H\u00f4tel Relais Sulpice"},"content":{"rendered":"<h1><\/h1>\n<h1>ROOM DIRECTORY \u2013 HOTEL RELAIS SULPICE<\/h1>\n<h2>WIFI<\/h2>\n<p><img width=\"74\" height=\"53\" src=\"https:\/\/www.relais-saint-sulpice.com\/wp-content\/uploads\/2021\/05\/wifi.png\" alt=\"\" loading=\"lazy\"><\/p>\n<p>(gratuit dans tout l\u2019h\u00f4tel) \u2013 R\u00e9seau: RELAIS ST SULPICE \u2013 Mot de passe: sulpice75006<\/p>\n<h2>PETIT-DEJEUNER<\/h2>\n<p><img width=\"77\" height=\"65\" src=\"https:\/\/www.relais-saint-sulpice.com\/wp-content\/uploads\/2021\/05\/petit-dej.png\" alt=\"petit-dej\" loading=\"lazy\"><\/p>\n<p>Servi tous les jours entre 7h00 et 10h30 en salle (au niveau -1) ou en chambre. Petit-d\u00e9jeuner en salle : Buffet froid et chaud \u2013 En chambre : Petit d\u00e9jeuner continental. 16\u20ac par adulte \u2013 12\u20ac par enfants de 8 \u00e0 17ans \u2013 Offert aux enfants de 2 \u00e0 7 ans.<\/p>\n<h2>MESURES SANITAIRES<\/h2>\n<p><img width=\"90\" height=\"50\" src=\"https:\/\/www.relais-saint-sulpice.com\/wp-content\/uploads\/2021\/05\/mesures-sanitaires-1.jpg\" alt=\"mesures-sanitaires\" loading=\"lazy\"><\/p>\n<p>Pour des raisons de S\u00e9curit\u00e9 Sanitaire, nous avons retir\u00e9 certains \u00e9l\u00e9ments de la chambre : coussins, papier\/crayons\u2026Retrouvez toutes nos mesures sur notre site internet. Vous avez la possibilit\u00e9 de refuser le service de chambre afin de minimiser les contacts et risques de contamination.<\/p>\n<h2>NOS ENGAGEMENTS ECO-RESPONSABLES<\/h2>\n<p><img width=\"74\" height=\"70\" src=\"https:\/\/www.relais-saint-sulpice.com\/wp-content\/uploads\/2021\/05\/engagement-eco.png\" alt=\"engagement-eco\" loading=\"lazy\"><\/p>\n<p>Les Serviettes \u00e0 Toilette : Si accroch\u00e9es, elles ne sont pas chang\u00e9es syst\u00e9matiquement. Si vous souhaitez qu\u2019elles soient chang\u00e9es, merci de le laisser dans la baignoire ou sur le sol. Utilisation de produits d\u2019entretien Eco Label et de Commerce Equitable. Mise en place progressive d\u2019ampoules basse tension. Nous demandons \u00e0 nos \u00e9quipes de pr\u00eater une attention toute particuli\u00e8re au Gaspillage d\u2019Energie : Eteindre la Lumi\u00e8re ; Couper la Climatisation ou le Chauffage si la Chambre n\u2019est pas occup\u00e9e, ne pas laisser couler l\u2019Eau inutilement\u2026Nous encourageons nos clients \u00e0 nous aider dans cette d\u00e9marche.<\/p>\n<h2>TELEPHONE<\/h2>\n<p><img width=\"40\" height=\"54\" src=\"https:\/\/www.relais-saint-sulpice.com\/wp-content\/uploads\/2021\/05\/telephone-1.png\" alt=\"telephone\" loading=\"lazy\"><\/p>\n<p>Pour joindre la R\u00e9ception, composez le 9. Pour joindre une chambre, composez le 3 puis le num\u00e9ro de chambre. Pour t\u00e9l\u00e9phoner \u00e0 l\u2019ext\u00e9rieur, composer le 0 pour sortir puis le num\u00e9ro de t\u00e9l\u00e9phone. France : 0.30\u20ac\/min. \u2013 Portable : 0.90\u20ac\/min. \u2013 International : 0.90\u20ac\/min. Possibilit\u00e9 de R\u00e9veil en chambre sur demande \u00e0 la R\u00e9ception. (Merci de v\u00e9rifier que votre t\u00e9l\u00e9phone est bien raccroch\u00e9 la veille au soir)<\/p>\n<h2>EQUIPEMENTS ET SERVICES<\/h2>\n<p><img width=\"83\" height=\"83\" src=\"https:\/\/www.relais-saint-sulpice.com\/wp-content\/uploads\/2021\/05\/equipement-et-services.png\" alt=\"equipement-et-services\" loading=\"lazy\"><\/p>\n<p>La R\u00e9ception est \u00e0 votre service 24H\/24 et 7J\/7. 1 petite bouteille d\u2019eau est offerte par personne \u00e0 l\u2019arriv\u00e9e. En suppl\u00e9ment \u00e0 partir de la 2\u00e8me nuit (3\u20ac l\u2019unit\u00e9) et disponible au bar de l\u2019h\u00f4tel. Service Pressing : Linge \u00e0 remettre \u00e0 la R\u00e9ception avant 10h00 et rendu le soir m\u00eame. Des sacs \u00e0 linge sont disponibles \u00e0 la R\u00e9ception. Nous sommes \u00e0 votre disposition pour toute information d\u2019ordre g\u00e9n\u00e9ral ou concernant les lieux \u00e0 visiter. Nous nous ferons un plaisir de vous r\u00e9server un coiffeur, des soins esth\u00e9tiques, des massages d\u00e9tente\u2026 de vous conseiller des boutiques ou de vous trouver un restaurant\u2026 Chauffage et climatisation individuels. Chaussons, bonnets de douche, kits de rasage, peignes, dentifrices et brosses \u00e0 dents, n\u00e9cessaires de coutures, sont disponibles \u00e0 la R\u00e9ception. Coffre-fort \u00e0 votre disposition dans l\u2019armoire de la chambre. N\u2019oubliez pas de prot\u00e9ger vos biens de valeur dans nos coffres, l\u2019h\u00f4tel d\u00e9clinant toute responsabilit\u00e9 en cas de perte ou de vol. Nous proposons une s\u00e9lection de cha\u00eenes de t\u00e9l\u00e9vision nationales et internationales.<\/p>\n<h2>BAR<\/h2>\n<p><img width=\"54\" height=\"91\" src=\"https:\/\/www.relais-saint-sulpice.com\/wp-content\/uploads\/2021\/05\/ba.png\" alt=\"bar\" loading=\"lazy\"><\/p>\n<p><strong>Profitez de notre bar pour prendre un ap\u00e9ritif et vous d\u00e9tendre\u2026<\/strong><\/p>\n<p>Eau Min\u00e9rales (50cl) : 3\u20ac | Infusion\/th\u00e9: 3\u20ac | Jus d\u2019orange 25cl : 4\u20ac | Nespresso : 3\u20ac | Coca ou Scwheppes 25cl : 4\u20ac | Perrier 20cl : 4\u20ac | Bi\u00e8re 25cl (Heineken \u2013 1664) : 4\u20ac | Martini 4cl (Bianco, Rosso) : 5\u20ac | Campari 4cl : 5\u20ac | Porto 6cl : 5\u20ac | Ricard, Pastis 51 2cl : 5\u20ac | Gin 4cl : 9\u20ac | Cognac 4cl : 9\u20ac | Rhum 4cl : 9\u20ac | Whisky 4cl : 9\u20ac | Whisky 16 years 4cl : 12\u20ac<\/p>\n<p>Vin 50cl (Rouge\/Blanc) : 11\u20ac | Vin 75cl (Rouge\/Blanc\/Ros\u00e9) : 17\u20ac | Champagne : \u00bd Bt 37.5cl : 32\u20ac | 75cl : 55\u20ac<\/p>\n<p>*Prix TTC<\/p>\n<h2>INTERDICTION DE FUMER<\/h2>\n<p><img width=\"61\" height=\"61\" src=\"https:\/\/www.relais-saint-sulpice.com\/wp-content\/uploads\/2021\/09\/cigarette.png\" alt=\"\" loading=\"lazy\"><\/p>\n<p>L\u2019H\u00f4tel rappelle que l\u2019interdiction de fumer ou de vapoter est en vigueur dans tous les lieux publics depuis le 2 janvier 2008. L\u2019h\u00f4tel est un espace enti\u00e8rement non-fumeur \u00e0 l\u2019exception des espaces fumeurs ext\u00e9rieurs o\u00f9 sont dispos\u00e9s des cendriers. Il est donc absolument interdit de fumer ou de vapoter dans les chambres pour des raisons \u00e9videntes de s\u00e9curit\u00e9 et de confort. Le Client sera par cons\u00e9quent redevable de l\u2019int\u00e9gralit\u00e9 des montants des frais de nettoyage et de remise en l\u2019\u00e9tat initial de l\u2019\u00e9l\u00e9ment ou de l\u2019espace endommag\u00e9. Si de la fum\u00e9e ou de la vapeur de cigarette \u00e9lectronique est d\u00e9tect\u00e9e dans la chambre, l\u2019H\u00f4tel se r\u00e9serve le droit de facturer au Client le co\u00fbt de l\u2019immobilisation de la chambre (nombre de nuits d\u2019immobilisation multipli\u00e9 par le tarif du jour en vigueur avec un maximum de facturation de 3 nuits).<\/p>\n","protected":false},"excerpt":{"rendered":"<p>ROOM DIRECTORY \u2013 HOTEL RELAIS SULPICE WIFI (gratuit dans tout l\u2019h\u00f4tel) \u2013 R\u00e9seau: RELAIS ST SULPICE \u2013 Mot de passe: [&hellip;]<\/p>\n","protected":false},"author":3,"featured_media":3016,"parent":0,"menu_order":0,"comment_status":"closed","ping_status":"closed","template":"","meta":[],"_links":{"self":[{"href":"https:\/\/www.relais-saint-sulpice.com\/fr\/wp-json\/wp\/v2\/pages\/3703"}],"collection":[{"href":"https:\/\/www.relais-saint-sulpice.com\/fr\/wp-json\/wp\/v2\/pages"}],"about":[{"href":"https:\/\/www.relais-saint-sulpice.com\/fr\/wp-json\/wp\/v2\/types\/page"}],"author":[{"embeddable":true,"href":"https:\/\/www.relais-saint-sulpice.com\/fr\/wp-json\/wp\/v2\/users\/3"}],"replies":[{"embeddable":true,"href":"https:\/\/www.relais-saint-sulpice.com\/fr\/wp-json\/wp\/v2\/comments?post=3703"}],"version-history":[{"count":8,"href":"https:\/\/www.relais-saint-sulpice.com\/fr\/wp-json\/wp\/v2\/pages\/3703\/revisions"}],"predecessor-version":[{"id":4034,"href":"https:\/\/www.relais-saint-sulpice.com\/fr\/wp-json\/wp\/v2\/pages\/3703\/revisions\/4034"}],"wp:featuredmedia":[{"embeddable":true,"href":"https:\/\/www.relais-saint-sulpice.com\/fr\/wp-json\/wp\/v2\/media\/3016"}],"wp:attachment":[{"href":"https:\/\/www.relais-saint-sulpice.com\/fr\/wp-json\/wp\/v2\/media?parent=3703"}],"curies":[{"name":"wp","href":"https:\/\/api.w.org\/{rel}","templated":true}]}}